{"id":1677,"date":"2022-11-16T06:51:05","date_gmt":"2022-11-16T05:51:05","guid":{"rendered":"https:\/\/www.camping-des-2jumeaux.com\/ubicaciones\/"},"modified":"2022-12-01T14:04:17","modified_gmt":"2022-12-01T13:04:17","slug":"ubicaciones","status":"publish","type":"page","link":"https:\/\/www.camping-des-2jumeaux.com\/es\/ubicaciones\/","title":{"rendered":"Ubicaciones"},"content":{"rendered":"<p>[et_pb_section fb_built=\u00bb1&#8243; _builder_version=\u00bb4.19.0&#8243; _module_preset=\u00bbdefault\u00bb background_color=\u00bb#C67D63&#8243; use_background_color_gradient=\u00bbon\u00bb background_color_gradient_stops=\u00bbrgba(0,0,0,0.14) 68%|rgba(198,125,99,0) 96%\u00bb background_color_gradient_overlays_image=\u00bbon\u00bb background_image=\u00bbhttps:\/\/www.camping-des-2jumeaux.com\/wp-content\/uploads\/2022\/11\/020A6397.jpg\u00bb custom_padding=\u00bb5px||167px|||\u00bb bottom_divider_height=\u00bb50px\u00bb global_colors_info=\u00bb{}\u00bb][et_pb_row use_custom_gutter=\u00bbon\u00bb gutter_width=\u00bb1&#8243; make_equal=\u00bbon\u00bb _builder_version=\u00bb4.19.0&#8243; _module_preset=\u00bbdefault\u00bb background_enable_image=\u00bboff\u00bb width=\u00bb74%\u00bb max_width=\u00bb2560px\u00bb custom_margin=\u00bb47px|auto||auto||\u00bb custom_padding=\u00bb120px||139px|||\u00bb global_colors_info=\u00bb{}\u00bb][et_pb_column type=\u00bb4_4&#8243; _builder_version=\u00bb4.19.0&#8243; _module_preset=\u00bbdefault\u00bb global_colors_info=\u00bb{}\u00bb][et_pb_text _builder_version=\u00bb4.19.0&#8243; _module_preset=\u00bbdefault\u00bb text_text_color=\u00bb#FFFFFF\u00bb text_font_size=\u00bb24px\u00bb header_font=\u00bb||||||||\u00bb header_text_color=\u00bb#FFFFFF\u00bb header_font_size=\u00bb72px\u00bb text_orientation=\u00bbcenter\u00bb text_text_shadow_style=\u00bbpreset1&#8243; text_text_shadow_vertical_length=\u00bb0.05em\u00bb text_text_shadow_blur_strength=\u00bb0.63em\u00bb text_text_shadow_color=\u00bbrgba(0,0,0,0.06)\u00bb global_colors_info=\u00bb{}\u00bb]<\/p>\n<h1>Ubicaciones<\/h1>\n<p style=\"font-weight: 400;\">Kanpinak<\/p>\n<p>[\/et_pb_text][\/et_pb_column][\/et_pb_row][et_pb_row _builder_version=\u00bb4.19.0&#8243; _module_preset=\u00bbdefault\u00bb global_colors_info=\u00bb{}\u00bb][et_pb_column type=\u00bb4_4&#8243; _builder_version=\u00bb4.19.0&#8243; _module_preset=\u00bbdefault\u00bb global_colors_info=\u00bb{}\u00bb][et_pb_text _builder_version=\u00bb4.19.0&#8243; _module_preset=\u00bbdefault\u00bb global_colors_info=\u00bb{}\u00bb]<ctv-searchbar><\/ctv-searchbar>[\/et_pb_text][\/et_pb_column][\/et_pb_row][\/et_pb_section][et_pb_section fb_built=\u00bb1&#8243; _builder_version=\u00bb4.19.1&#8243; _module_preset=\u00bbdefault\u00bb custom_margin=\u00bb0px|0px|0px|0px|true|true\u00bb custom_padding=\u00bb0px|0px|0px|0px|true|true\u00bb hover_enabled=\u00bb0&#8243; global_colors_info=\u00bb{}\u00bb z_index=\u00bb-500&#8243; sticky_enabled=\u00bb0&#8243;][et_pb_row use_custom_gutter=\u00bbon\u00bb gutter_width=\u00bb2&#8243; make_equal=\u00bbon\u00bb _builder_version=\u00bb4.19.0&#8243; _module_preset=\u00bbdefault\u00bb width=\u00bb100%\u00bb max_width=\u00bb2560px\u00bb custom_margin=\u00bb0px|0px|0px|0px|true|true\u00bb custom_padding=\u00bb1px|0px|1px|0px|true|true\u00bb global_colors_info=\u00bb{}\u00bb][et_pb_column type=\u00bb4_4&#8243; _builder_version=\u00bb4.19.0&#8243; _module_preset=\u00bbdefault\u00bb global_colors_info=\u00bb{}\u00bb][et_pb_text quote_border_weight=\u00bb3px\u00bb quote_border_color=\u00bb#C67D63&#8243; _builder_version=\u00bb4.19.0&#8243; _module_preset=\u00bbdefault\u00bb text_font_size=\u00bb17px\u00bb text_line_height=\u00bb1.8em\u00bb quote_font=\u00bb||||||||\u00bb quote_text_color=\u00bb#C67D63&#8243; quote_font_size=\u00bb20px\u00bb header_2_text_color=\u00bb#C67D63&#8243; header_2_font_size=\u00bb32px\u00bb width=\u00bb73%\u00bb max_width=\u00bb100%\u00bb max_width_tablet=\u00bb82%\u00bb max_width_phone=\u00bb80%\u00bb max_width_last_edited=\u00bbon|phone\u00bb module_alignment=\u00bbcenter\u00bb custom_margin=\u00bb87px||74px||false|true\u00bb header_2_font_tablet=\u00bb\u00bb header_2_font_phone=\u00bb\u00bb header_2_font_last_edited=\u00bbon|phone\u00bb global_colors_info=\u00bb{}\u00bb]<\/p>\n<h2 style=\"font-weight: 400; text-align: center;\">Las alegr\u00edas del camping<\/h2>\n<h4 style=\"font-weight: 400; text-align: center;\">74m\u00b2 &#8211; Electrificado 2A &#8211; Aparcamiento<\/h4>\n<p style=\"text-align: center;\"><strong><\/strong><\/p>\n<p style=\"text-align: center;\"><strong><\/strong><\/p>\n<div style=\"text-align: center;\">\n<div>\n<p style=\"font-weight: 400;\">Nuestras <strong>11 parcelas de<\/strong> camping electrificadas en Hendaya acogen <strong>tiendas, caravanas y autocaravanas <\/strong>para disfrutar de la vida en la Costa Vasca.<br \/><strong>Amplios<\/strong> (\u00a174 m2 de felicidad!) y <strong>sombreados<\/strong>, son una soluci\u00f3n <strong>agradable y econ\u00f3mica<\/strong> para una estancia inolvidable <strong>a 200 metros de la playa<\/strong>.<br \/>Nuestras parcelas est\u00e1n dise\u00f1adas para que todo el mundo tenga la privacidad que necesita para pasar unas vacaciones tranquilas.<\/p>\n<p style=\"font-weight: 400;\">\n<\/div>\n<div><\/div>\n<\/div>\n<p>[\/et_pb_text][et_pb_divider divider_weight=\u00bb2px\u00bb _builder_version=\u00bb4.19.0&#8243; _module_preset=\u00bbdefault\u00bb width=\u00bb38%\u00bb module_alignment=\u00bbcenter\u00bb global_colors_info=\u00bb{}\u00bb][\/et_pb_divider][\/et_pb_column][\/et_pb_row][\/et_pb_section][et_pb_section fb_built=\u00bb1&#8243; specialty=\u00bbon\u00bb _builder_version=\u00bb4.19.0&#8243; _module_preset=\u00bbdefault\u00bb global_colors_info=\u00bb{}\u00bb][et_pb_column type=\u00bb1_3&#8243; _builder_version=\u00bb4.16&#8243; custom_padding=\u00bb|||\u00bb global_colors_info=\u00bb{}\u00bb custom_padding__hover=\u00bb|||\u00bb][et_pb_text _builder_version=\u00bb4.19.0&#8243; _module_preset=\u00bbdefault\u00bb global_colors_info=\u00bb{}\u00bb]<\/p>\n<p style=\"font-weight: 400;\">Todo lo que pueda necesitar se proporciona en el lugar. Hay instalaciones sanitarias en buen estado, una lavander\u00eda, una tienda de comestibles, una barbacoa comunitaria, un parque infantil, mesas de ping-pong y una pista de petanca.<\/p>\n<p>[\/et_pb_text][\/et_pb_column][et_pb_column type=\u00bb2_3&#8243; specialty_columns=\u00bb2&#8243; _builder_version=\u00bb4.16&#8243; custom_padding=\u00bb|||\u00bb global_colors_info=\u00bb{}\u00bb custom_padding__hover=\u00bb|||\u00bb][et_pb_row_inner column_structure=\u00bb1_4,1_4,1_4,1_4&#8243; _builder_version=\u00bb4.19.0&#8243; _module_preset=\u00bbdefault\u00bb width=\u00bb100%\u00bb global_colors_info=\u00bb{}\u00bb][et_pb_column_inner type=\u00bb1_4&#8243; saved_specialty_column_type=\u00bb2_3&#8243; _builder_version=\u00bb4.19.0&#8243; _module_preset=\u00bbdefault\u00bb global_colors_info=\u00bb{}\u00bb][ba_icon_box icon=\u00bb&#xf1b9;||fa||900&#8243; title=\u00bbAparcamiento\u00bb description=\u00bb1 plaza de aparcamiento\/alquiler\u00bb icon_color=\u00bb#C67D63&#8243; icon_size=\u00bb36px\u00bb _builder_version=\u00bb4.19.0&#8243; _module_preset=\u00bbdefault\u00bb title_text_color=\u00bb#C67D63&#8243; title_font_size=\u00bb17px\u00bb description_font=\u00bb|300|||||||\u00bb description_font_size=\u00bb12px\u00bb description_line_height=\u00bb1.4em\u00bb custom_margin=\u00bb0px|0px|0px|0px|true|true\u00bb custom_padding=\u00bb0px|0px|0px|0px|true|true\u00bb border_width_all_box=\u00bb0px\u00bb global_colors_info=\u00bb{}\u00bb][\/ba_icon_box][\/et_pb_column_inner][et_pb_column_inner type=\u00bb1_4&#8243; saved_specialty_column_type=\u00bb2_3&#8243; _builder_version=\u00bb4.19.0&#8243; _module_preset=\u00bbdefault\u00bb global_colors_info=\u00bb{}\u00bb][ba_icon_box icon=\u00bb&#xf1b9;||fa||900&#8243; title=\u00bbAparcamiento\u00bb description=\u00bb1 plaza de aparcamiento\/alquiler\u00bb icon_color=\u00bb#C67D63&#8243; icon_size=\u00bb36px\u00bb _builder_version=\u00bb4.19.0&#8243; _module_preset=\u00bbdefault\u00bb title_text_color=\u00bb#C67D63&#8243; title_font_size=\u00bb17px\u00bb description_font=\u00bb|300|||||||\u00bb description_font_size=\u00bb12px\u00bb description_line_height=\u00bb1.4em\u00bb custom_margin=\u00bb0px|0px|0px|0px|true|true\u00bb custom_padding=\u00bb0px|0px|0px|0px|true|true\u00bb border_width_all_box=\u00bb0px\u00bb global_colors_info=\u00bb{}\u00bb][\/ba_icon_box][\/et_pb_column_inner][et_pb_column_inner type=\u00bb1_4&#8243; saved_specialty_column_type=\u00bb2_3&#8243; _builder_version=\u00bb4.19.0&#8243; _module_preset=\u00bbdefault\u00bb global_colors_info=\u00bb{}\u00bb][ba_icon_box icon=\u00bb&#xf1b9;||fa||900&#8243; title=\u00bbAparcamiento\u00bb description=\u00bb1 plaza de aparcamiento\/alquiler\u00bb icon_color=\u00bb#C67D63&#8243; icon_size=\u00bb36px\u00bb _builder_version=\u00bb4.19.0&#8243; _module_preset=\u00bbdefault\u00bb title_text_color=\u00bb#C67D63&#8243; title_font_size=\u00bb17px\u00bb description_font=\u00bb|300|||||||\u00bb description_font_size=\u00bb12px\u00bb description_line_height=\u00bb1.4em\u00bb custom_margin=\u00bb0px|0px|0px|0px|true|true\u00bb custom_padding=\u00bb0px|0px|0px|0px|true|true\u00bb border_width_all_box=\u00bb0px\u00bb global_colors_info=\u00bb{}\u00bb][\/ba_icon_box][\/et_pb_column_inner][et_pb_column_inner type=\u00bb1_4&#8243; saved_specialty_column_type=\u00bb2_3&#8243; _builder_version=\u00bb4.19.0&#8243; _module_preset=\u00bbdefault\u00bb global_colors_info=\u00bb{}\u00bb][ba_icon_box icon=\u00bb&#xf1b9;||fa||900&#8243; title=\u00bbAparcamiento\u00bb description=\u00bb1 plaza de aparcamiento\/alquiler\u00bb icon_color=\u00bb#C67D63&#8243; icon_size=\u00bb36px\u00bb _builder_version=\u00bb4.19.0&#8243; _module_preset=\u00bbdefault\u00bb title_text_color=\u00bb#C67D63&#8243; title_font_size=\u00bb17px\u00bb description_font=\u00bb|300|||||||\u00bb description_font_size=\u00bb12px\u00bb description_line_height=\u00bb1.4em\u00bb custom_margin=\u00bb0px|0px|0px|0px|true|true\u00bb custom_padding=\u00bb0px|0px|0px|0px|true|true\u00bb border_width_all_box=\u00bb0px\u00bb global_colors_info=\u00bb{}\u00bb][\/ba_icon_box][\/et_pb_column_inner][\/et_pb_row_inner][et_pb_row_inner column_structure=\u00bb1_4,1_4,1_4,1_4&#8243; _builder_version=\u00bb4.19.0&#8243; _module_preset=\u00bbdefault\u00bb global_colors_info=\u00bb{}\u00bb][et_pb_column_inner type=\u00bb1_4&#8243; saved_specialty_column_type=\u00bb2_3&#8243; _builder_version=\u00bb4.19.0&#8243; _module_preset=\u00bbdefault\u00bb global_colors_info=\u00bb{}\u00bb][ba_icon_box icon=\u00bb&#xf1b9;||fa||900&#8243; title=\u00bbAparcamiento\u00bb description=\u00bb1 plaza de aparcamiento\/alquiler\u00bb icon_color=\u00bb#C67D63&#8243; icon_size=\u00bb36px\u00bb _builder_version=\u00bb4.19.0&#8243; _module_preset=\u00bbdefault\u00bb title_text_color=\u00bb#C67D63&#8243; title_font_size=\u00bb17px\u00bb description_font=\u00bb|300|||||||\u00bb description_font_size=\u00bb12px\u00bb description_line_height=\u00bb1.4em\u00bb custom_margin=\u00bb0px|0px|0px|0px|true|true\u00bb custom_padding=\u00bb0px|0px|0px|0px|true|true\u00bb border_width_all_box=\u00bb0px\u00bb global_colors_info=\u00bb{}\u00bb][\/ba_icon_box][\/et_pb_column_inner][et_pb_column_inner type=\u00bb1_4&#8243; saved_specialty_column_type=\u00bb2_3&#8243; _builder_version=\u00bb4.19.0&#8243; _module_preset=\u00bbdefault\u00bb global_colors_info=\u00bb{}\u00bb][ba_icon_box icon=\u00bb&#xf1b9;||fa||900&#8243; title=\u00bbAparcamiento\u00bb description=\u00bb1 plaza de aparcamiento\/alquiler\u00bb icon_color=\u00bb#C67D63&#8243; icon_size=\u00bb36px\u00bb _builder_version=\u00bb4.19.0&#8243; _module_preset=\u00bbdefault\u00bb title_text_color=\u00bb#C67D63&#8243; title_font_size=\u00bb17px\u00bb description_font=\u00bb|300|||||||\u00bb description_font_size=\u00bb12px\u00bb description_line_height=\u00bb1.4em\u00bb custom_margin=\u00bb0px|0px|0px|0px|true|true\u00bb custom_padding=\u00bb0px|0px|0px|0px|true|true\u00bb border_width_all_box=\u00bb0px\u00bb global_colors_info=\u00bb{}\u00bb][\/ba_icon_box][\/et_pb_column_inner][et_pb_column_inner type=\u00bb1_4&#8243; saved_specialty_column_type=\u00bb2_3&#8243; _builder_version=\u00bb4.19.0&#8243; _module_preset=\u00bbdefault\u00bb global_colors_info=\u00bb{}\u00bb][ba_icon_box icon=\u00bb&#xf1b9;||fa||900&#8243; title=\u00bbAparcamiento\u00bb description=\u00bb1 plaza de aparcamiento\/alquiler\u00bb icon_color=\u00bb#C67D63&#8243; icon_size=\u00bb36px\u00bb _builder_version=\u00bb4.19.0&#8243; _module_preset=\u00bbdefault\u00bb title_text_color=\u00bb#C67D63&#8243; title_font_size=\u00bb17px\u00bb description_font=\u00bb|300|||||||\u00bb description_font_size=\u00bb12px\u00bb description_line_height=\u00bb1.4em\u00bb custom_margin=\u00bb0px|0px|0px|0px|true|true\u00bb custom_padding=\u00bb0px|0px|0px|0px|true|true\u00bb border_width_all_box=\u00bb0px\u00bb global_colors_info=\u00bb{}\u00bb][\/ba_icon_box][\/et_pb_column_inner][et_pb_column_inner type=\u00bb1_4&#8243; saved_specialty_column_type=\u00bb2_3&#8243; _builder_version=\u00bb4.19.0&#8243; _module_preset=\u00bbdefault\u00bb global_colors_info=\u00bb{}\u00bb][ba_icon_box icon=\u00bb&#xf1b9;||fa||900&#8243; title=\u00bbAparcamiento\u00bb description=\u00bb1 plaza de aparcamiento\/alquiler\u00bb icon_color=\u00bb#C67D63&#8243; icon_size=\u00bb36px\u00bb _builder_version=\u00bb4.19.0&#8243; _module_preset=\u00bbdefault\u00bb title_text_color=\u00bb#C67D63&#8243; title_font_size=\u00bb17px\u00bb description_font=\u00bb|300|||||||\u00bb description_font_size=\u00bb12px\u00bb description_line_height=\u00bb1.4em\u00bb custom_margin=\u00bb0px|0px|0px|0px|true|true\u00bb custom_padding=\u00bb0px|0px|0px|0px|true|true\u00bb border_width_all_box=\u00bb0px\u00bb global_colors_info=\u00bb{}\u00bb][\/ba_icon_box][\/et_pb_column_inner][\/et_pb_row_inner][et_pb_row_inner _builder_version=\u00bb4.19.0&#8243; _module_preset=\u00bbdefault\u00bb global_colors_info=\u00bb{}\u00bb][et_pb_column_inner saved_specialty_column_type=\u00bb2_3&#8243; _builder_version=\u00bb4.19.0&#8243; _module_preset=\u00bbdefault\u00bb global_colors_info=\u00bb{}\u00bb][et_pb_text _builder_version=\u00bb4.19.0&#8243; _module_preset=\u00bbdefault\u00bb global_colors_info=\u00bb{}\u00bb]<\/p>\n<p style=\"font-weight: 400;\"><em>Nuestro camping no dispone actualmente de parcelas accesibles para personas con movilidad reducida (derogaci\u00f3n del 8 de agosto de 2018) ni de un \u00e1rea de servicio para autocaravanas.  <\/em><\/p>\n<p>[\/et_pb_text][\/et_pb_column_inner][\/et_pb_row_inner][\/et_pb_column][\/et_pb_section][et_pb_section fb_built=\u00bb1&#8243; _builder_version=\u00bb4.19.0&#8243; _module_preset=\u00bbdefault\u00bb global_colors_info=\u00bb{}\u00bb][et_pb_row _builder_version=\u00bb4.19.0&#8243; _module_preset=\u00bbdefault\u00bb global_colors_info=\u00bb{}\u00bb][et_pb_column type=\u00bb4_4&#8243; _builder_version=\u00bb4.19.0&#8243; _module_preset=\u00bbdefault\u00bb global_colors_info=\u00bb{}\u00bb][et_pb_text _builder_version=\u00bb4.19.0&#8243; _module_preset=\u00bbdefault\u00bb global_colors_info=\u00bb{}\u00bb]<ctv-availability data-product-id=\"112026\" data-background-color=\"#FFFFFFFF\"><\/ctv-availability>[\/et_pb_text][\/et_pb_column][\/et_pb_row][\/et_pb_section][et_pb_section fb_built=\u00bb1&#8243; _builder_version=\u00bb4.19.0&#8243; _module_preset=\u00bbdefault\u00bb background_color=\u00bb#C67D63&#8243; use_background_color_gradient=\u00bbon\u00bb background_color_gradient_stops=\u00bb#fcd6be 0%|#c67d63 100%\u00bb background_color_gradient_overlays_image=\u00bbon\u00bb background_image=\u00bbhttps:\/\/www.camping-des-2jumeaux.com\/wp-content\/uploads\/2022\/11\/020A6407.jpg\u00bb parallax=\u00bbon\u00bb parallax_method=\u00bboff\u00bb background_blend=\u00bbcolor\u00bb custom_margin=\u00bb0px|0px|0px|0px|true|true\u00bb custom_padding=\u00bb0px|0px|0px|0px|true|true\u00bb global_colors_info=\u00bb{}\u00bb][et_pb_row use_custom_gutter=\u00bbon\u00bb gutter_width=\u00bb2&#8243; make_equal=\u00bbon\u00bb _builder_version=\u00bb4.19.0&#8243; _module_preset=\u00bbdefault\u00bb width=\u00bb100%\u00bb max_width=\u00bb2560px\u00bb custom_margin=\u00bb0px|0px|0px|0px|true|true\u00bb custom_padding=\u00bb49px|0px|49px|0px|true|true\u00bb global_colors_info=\u00bb{}\u00bb][et_pb_column type=\u00bb4_4&#8243; _builder_version=\u00bb4.19.0&#8243; _module_preset=\u00bbdefault\u00bb background_enable_image=\u00bboff\u00bb global_colors_info=\u00bb{}\u00bb][et_pb_text quote_border_weight=\u00bb3px\u00bb quote_border_color=\u00bb#C67D63&#8243; _builder_version=\u00bb4.19.0&#8243; _module_preset=\u00bbdefault\u00bb text_font=\u00bb|300|||||||\u00bb text_text_color=\u00bb#FFFFFF\u00bb text_font_size=\u00bb17px\u00bb text_line_height=\u00bb1.8em\u00bb quote_font=\u00bb||||||||\u00bb quote_text_color=\u00bb#C67D63&#8243; quote_font_size=\u00bb20px\u00bb header_2_text_color=\u00bb#FFFFFF\u00bb width=\u00bb80%\u00bb max_width=\u00bb91%\u00bb max_width_tablet=\u00bb82%\u00bb max_width_phone=\u00bb82%\u00bb max_width_last_edited=\u00bbon|phone\u00bb module_alignment=\u00bbcenter\u00bb custom_margin=\u00bb37px||37px||false|true\u00bb global_colors_info=\u00bb{}\u00bb]<\/p>\n<h2 style=\"font-weight: 400; text-align: center;\">\u00bfNecesitas consejo?<\/h2>\n<p style=\"text-align: center;\"><span style=\"font-size: 15px; color: #666666; font-family: Outfit, Helvetica, Arial, Lucida, sans-serif;\"><\/span><\/p>\n<p style=\"font-weight: 400;\">Durante su estancia en nuestro camping en el Pa\u00eds Vasco, estaremos encantados de aconsejarle sobre las salidas y actividades y de organizarlas para usted gracias a nuestros socios de confianza. En el Txoko, nuestro bar de comestibles, tambi\u00e9n descubrir\u00e1s a nuestros productores locales favoritos. Durante la temporada alta, tambi\u00e9n se puede pedir pan y boller\u00eda. Por \u00faltimo, el Txoko es tambi\u00e9n el lugar para las deliciosas tardes de aperitivo, \u00a1momentos incre\u00edbles de convivencia!<\/p>\n<p>[\/et_pb_text][\/et_pb_column][\/et_pb_row][\/et_pb_section][et_pb_section fb_built=\u00bb1&#8243; _builder_version=\u00bb4.19.0&#8243; _module_preset=\u00bbdefault\u00bb background_color=\u00bb#356774&#8243; global_colors_info=\u00bb{}\u00bb][et_pb_row column_structure=\u00bb1_2,1_2&#8243; _builder_version=\u00bb4.19.0&#8243; _module_preset=\u00bbdefault\u00bb custom_padding=\u00bb||0px|||\u00bb global_colors_info=\u00bb{}\u00bb][et_pb_column type=\u00bb1_2&#8243; _builder_version=\u00bb4.19.0&#8243; _module_preset=\u00bbdefault\u00bb global_colors_info=\u00bb{}\u00bb][et_pb_text _builder_version=\u00bb4.19.0&#8243; _module_preset=\u00bbdefault\u00bb text_text_color=\u00bb#FFFFFF\u00bb header_4_text_color=\u00bb#FFFFFF\u00bb global_colors_info=\u00bb{}\u00bb]<\/p>\n<h4>\u00bfEst\u00e1 interesado en nuestras parcelas con vistas al mar en Hendaya? Aqu\u00ed es donde puede hacer una reserva.  <\/h4>\n<p style=\"font-weight: 400;\">\u00bfAlguna pregunta? No dude en llamarnos.<\/p>\n<p style=\"font-weight: 400;\">[\/et_pb_text][\/et_pb_column][et_pb_column type=\u00bb1_2&#8243; _builder_version=\u00bb4.19.0&#8243; _module_preset=\u00bbdefault\u00bb global_colors_info=\u00bb{}\u00bb][\/et_pb_column][\/et_pb_row][\/et_pb_section]<\/p>\n","protected":false},"excerpt":{"rendered":"<p>Ubicaciones KanpinakLas alegr\u00edas del camping 74m\u00b2 &#8211; Electrificado 2A &#8211; Aparcamiento Nuestras 11 parcelas de camping electrificadas en Hendaya acogen tiendas, caravanas y autocaravanas para disfrutar de la vida en la Costa Vasca.Amplios (\u00a174 m2 de felicidad!) y sombreados, son una soluci\u00f3n agradable y econ\u00f3mica para una estancia inolvidable a 200 metros de la playa.Nuestras [&hellip;]<\/p>\n","protected":false},"author":1,"featured_media":0,"parent":0,"menu_order":0,"comment_status":"closed","ping_status":"closed","template":"","meta":{"_et_pb_use_builder":"on","_et_pb_old_content":"","_et_gb_content_width":"","footnotes":""},"class_list":["post-1677","page","type-page","status-publish","hentry"],"yoast_head":"<!-- This site is optimized with the Yoast SEO plugin v27.6 - https:\/\/yoast.com\/product\/yoast-seo-wordpress\/ -->\n<title>Parcelas de camping en Hendaya: tienda, caravana, autocaravana.<\/title>\n<meta name=\"description\" content=\"Aproveche nuestras amplias y sombreadas parcelas para montar su tienda, caravana o autocaravana en el camping Les 2 Jumeaux de Hendaya.\" \/>\n<meta name=\"robots\" content=\"index, follow, max-snippet:-1, max-image-preview:large, max-video-preview:-1\" \/>\n<link rel=\"canonical\" href=\"https:\/\/www.camping-des-2jumeaux.com\/es\/ubicaciones\/\" \/>\n<meta property=\"og:locale\" content=\"es_ES\" \/>\n<meta property=\"og:type\" content=\"article\" \/>\n<meta property=\"og:title\" content=\"Parcelas de camping en Hendaya: tienda, caravana, autocaravana.\" \/>\n<meta property=\"og:description\" content=\"Aproveche nuestras amplias y sombreadas parcelas para montar su tienda, caravana o autocaravana en el camping Les 2 Jumeaux de Hendaya.\" \/>\n<meta property=\"og:url\" content=\"https:\/\/www.camping-des-2jumeaux.com\/es\/ubicaciones\/\" \/>\n<meta property=\"og:site_name\" content=\"Txoko Des 2 Jumeaux\" \/>\n<meta property=\"article:modified_time\" content=\"2022-12-01T13:04:17+00:00\" \/>\n<meta name=\"twitter:card\" content=\"summary_large_image\" \/>\n<meta name=\"twitter:label1\" content=\"Tiempo de lectura\" \/>\n\t<meta name=\"twitter:data1\" content=\"10 minutos\" \/>\n<script type=\"application\/ld+json\" class=\"yoast-schema-graph\">{\"@context\":\"https:\\\/\\\/schema.org\",\"@graph\":[{\"@type\":\"WebPage\",\"@id\":\"https:\\\/\\\/www.camping-des-2jumeaux.com\\\/es\\\/ubicaciones\\\/\",\"url\":\"https:\\\/\\\/www.camping-des-2jumeaux.com\\\/es\\\/ubicaciones\\\/\",\"name\":\"Parcelas de camping en Hendaya: tienda, caravana, autocaravana.\",\"isPartOf\":{\"@id\":\"https:\\\/\\\/www.camping-des-2jumeaux.com\\\/es\\\/#website\"},\"datePublished\":\"2022-11-16T05:51:05+00:00\",\"dateModified\":\"2022-12-01T13:04:17+00:00\",\"description\":\"Aproveche nuestras amplias y sombreadas parcelas para montar su tienda, caravana o autocaravana en el camping Les 2 Jumeaux de Hendaya.\",\"breadcrumb\":{\"@id\":\"https:\\\/\\\/www.camping-des-2jumeaux.com\\\/es\\\/ubicaciones\\\/#breadcrumb\"},\"inLanguage\":\"es\",\"potentialAction\":[{\"@type\":\"ReadAction\",\"target\":[\"https:\\\/\\\/www.camping-des-2jumeaux.com\\\/es\\\/ubicaciones\\\/\"]}]},{\"@type\":\"BreadcrumbList\",\"@id\":\"https:\\\/\\\/www.camping-des-2jumeaux.com\\\/es\\\/ubicaciones\\\/#breadcrumb\",\"itemListElement\":[{\"@type\":\"ListItem\",\"position\":1,\"name\":\"Accueil\",\"item\":\"https:\\\/\\\/www.camping-des-2jumeaux.com\\\/es\\\/\"},{\"@type\":\"ListItem\",\"position\":2,\"name\":\"Ubicaciones\"}]},{\"@type\":\"WebSite\",\"@id\":\"https:\\\/\\\/www.camping-des-2jumeaux.com\\\/es\\\/#website\",\"url\":\"https:\\\/\\\/www.camping-des-2jumeaux.com\\\/es\\\/\",\"name\":\"Txoko Des 2 Jumeaux\",\"description\":\"Camping*** - Hendaye I France\",\"potentialAction\":[{\"@type\":\"SearchAction\",\"target\":{\"@type\":\"EntryPoint\",\"urlTemplate\":\"https:\\\/\\\/www.camping-des-2jumeaux.com\\\/es\\\/?s={search_term_string}\"},\"query-input\":{\"@type\":\"PropertyValueSpecification\",\"valueRequired\":true,\"valueName\":\"search_term_string\"}}],\"inLanguage\":\"es\"}]}<\/script>\n<!-- \/ Yoast SEO plugin. -->","yoast_head_json":{"title":"Parcelas de camping en Hendaya: tienda, caravana, autocaravana.","description":"Aproveche nuestras amplias y sombreadas parcelas para montar su tienda, caravana o autocaravana en el camping Les 2 Jumeaux de Hendaya.","robots":{"index":"index","follow":"follow","max-snippet":"max-snippet:-1","max-image-preview":"max-image-preview:large","max-video-preview":"max-video-preview:-1"},"canonical":"https:\/\/www.camping-des-2jumeaux.com\/es\/ubicaciones\/","og_locale":"es_ES","og_type":"article","og_title":"Parcelas de camping en Hendaya: tienda, caravana, autocaravana.","og_description":"Aproveche nuestras amplias y sombreadas parcelas para montar su tienda, caravana o autocaravana en el camping Les 2 Jumeaux de Hendaya.","og_url":"https:\/\/www.camping-des-2jumeaux.com\/es\/ubicaciones\/","og_site_name":"Txoko Des 2 Jumeaux","article_modified_time":"2022-12-01T13:04:17+00:00","twitter_card":"summary_large_image","twitter_misc":{"Tiempo de lectura":"10 minutos"},"schema":{"@context":"https:\/\/schema.org","@graph":[{"@type":"WebPage","@id":"https:\/\/www.camping-des-2jumeaux.com\/es\/ubicaciones\/","url":"https:\/\/www.camping-des-2jumeaux.com\/es\/ubicaciones\/","name":"Parcelas de camping en Hendaya: tienda, caravana, autocaravana.","isPartOf":{"@id":"https:\/\/www.camping-des-2jumeaux.com\/es\/#website"},"datePublished":"2022-11-16T05:51:05+00:00","dateModified":"2022-12-01T13:04:17+00:00","description":"Aproveche nuestras amplias y sombreadas parcelas para montar su tienda, caravana o autocaravana en el camping Les 2 Jumeaux de Hendaya.","breadcrumb":{"@id":"https:\/\/www.camping-des-2jumeaux.com\/es\/ubicaciones\/#breadcrumb"},"inLanguage":"es","potentialAction":[{"@type":"ReadAction","target":["https:\/\/www.camping-des-2jumeaux.com\/es\/ubicaciones\/"]}]},{"@type":"BreadcrumbList","@id":"https:\/\/www.camping-des-2jumeaux.com\/es\/ubicaciones\/#breadcrumb","itemListElement":[{"@type":"ListItem","position":1,"name":"Accueil","item":"https:\/\/www.camping-des-2jumeaux.com\/es\/"},{"@type":"ListItem","position":2,"name":"Ubicaciones"}]},{"@type":"WebSite","@id":"https:\/\/www.camping-des-2jumeaux.com\/es\/#website","url":"https:\/\/www.camping-des-2jumeaux.com\/es\/","name":"Txoko Des 2 Jumeaux","description":"Camping*** - Hendaye I France","potentialAction":[{"@type":"SearchAction","target":{"@type":"EntryPoint","urlTemplate":"https:\/\/www.camping-des-2jumeaux.com\/es\/?s={search_term_string}"},"query-input":{"@type":"PropertyValueSpecification","valueRequired":true,"valueName":"search_term_string"}}],"inLanguage":"es"}]}},"_links":{"self":[{"href":"https:\/\/www.camping-des-2jumeaux.com\/es\/wp-json\/wp\/v2\/pages\/1677","targetHints":{"allow":["GET"]}}],"collection":[{"href":"https:\/\/www.camping-des-2jumeaux.com\/es\/wp-json\/wp\/v2\/pages"}],"about":[{"href":"https:\/\/www.camping-des-2jumeaux.com\/es\/wp-json\/wp\/v2\/types\/page"}],"author":[{"embeddable":true,"href":"https:\/\/www.camping-des-2jumeaux.com\/es\/wp-json\/wp\/v2\/users\/1"}],"replies":[{"embeddable":true,"href":"https:\/\/www.camping-des-2jumeaux.com\/es\/wp-json\/wp\/v2\/comments?post=1677"}],"version-history":[{"count":0,"href":"https:\/\/www.camping-des-2jumeaux.com\/es\/wp-json\/wp\/v2\/pages\/1677\/revisions"}],"wp:attachment":[{"href":"https:\/\/www.camping-des-2jumeaux.com\/es\/wp-json\/wp\/v2\/media?parent=1677"}],"curies":[{"name":"wp","href":"https:\/\/api.w.org\/{rel}","templated":true}]}}