{"id":1579,"date":"2022-11-16T06:56:29","date_gmt":"2022-11-16T05:56:29","guid":{"rendered":"https:\/\/www.camping-des-2jumeaux.com\/condiciones-generales-de-venta\/"},"modified":"2023-04-25T09:56:49","modified_gmt":"2023-04-25T07:56:49","slug":"condiciones-generales-de-venta","status":"publish","type":"page","link":"https:\/\/www.camping-des-2jumeaux.com\/es\/condiciones-generales-de-venta\/","title":{"rendered":"Condiciones generales de venta"},"content":{"rendered":"<p>[et_pb_section fb_built=\u00bb1&#8243; _builder_version=\u00bb4.19.0&#8243; _module_preset=\u00bbdefault\u00bb background_color=\u00bb#C67D63&#8243; global_colors_info=\u00bb{}\u00bb][et_pb_row _builder_version=\u00bb4.19.0&#8243; _module_preset=\u00bbdefault\u00bb custom_margin=\u00bb150px||||false|false\u00bb global_colors_info=\u00bb{}\u00bb][et_pb_column type=\u00bb4_4&#8243; _builder_version=\u00bb4.19.0&#8243; _module_preset=\u00bbdefault\u00bb global_colors_info=\u00bb{}\u00bb][et_pb_text _builder_version=\u00bb4.19.0&#8243; _module_preset=\u00bbdefault\u00bb header_text_color=\u00bb#FFFFFF\u00bb global_colors_info=\u00bb{}\u00bb]<\/p>\n<h1 style=\"text-align: center;\">Condiciones generales de venta<\/h1>\n<p>[\/et_pb_text][et_pb_text _builder_version=\u00bb4.19.1&#8243; _module_preset=\u00bbdefault\u00bb text_font=\u00bb|300|||||||\u00bb text_text_color=\u00bb#FFFFFF\u00bb header_3_font=\u00bb||||||||\u00bb header_3_text_color=\u00bb#FCD6BE\u00bb header_4_text_color=\u00bb#FFFFFF\u00bb global_colors_info=\u00bb{}\u00bb]<\/p>\n<h3>Condiciones de reserva<\/h3>\n<p style=\"font-weight: 400;\">&#8211; La reserva se hace efectiva s\u00f3lo despu\u00e9s de que el camping la haya aceptado, despu\u00e9s de que se haya recibido el dep\u00f3sito y despu\u00e9s de que se haya completado y firmado debidamente el contrato de reserva, o despu\u00e9s de que se hayan aceptado las condiciones generales de venta durante la reserva en l\u00ednea.<\/p>\n<p style=\"font-weight: 400;\">&#8211; Las reservas s\u00f3lo son vinculantes para el camping si \u00e9ste las ha aceptado, lo que el camping es libre de hacer o rechazar, en funci\u00f3n de la disponibilidad y, en general, de cualquier circunstancia que pueda afectar a la ejecuci\u00f3n de la reserva efectuada. El camping ofrece vacaciones orientadas a la familia, en el sentido tradicional, y los alojamientos est\u00e1n especialmente dise\u00f1ados para ello. El camping se reserva el derecho de rechazar cualquier reserva que sea contraria a este principio o que pretenda eludirlo.<\/p>\n<p style=\"font-weight: 400;\">&#8211; La reserva de una parcela de camping o de un alquiler se realiza de forma estrictamente personal. En ning\u00fan caso podr\u00e1 subarrendar o transferir su reserva sin el consentimiento previo del camping.<\/p>\n<p style=\"font-weight: 400;\">&#8211; Los menores deben ir acompa\u00f1ados por sus padres o tutores legales.<\/p>\n<p style=\"font-weight: 400;\">Parcela de camping<br \/>&#8211; El paquete b\u00e1sico incluye una parcela para una tienda, caravana o autocaravana para 1 o 2 personas, acceso a las instalaciones sanitarias y a las instalaciones de recepci\u00f3n.<\/p>\n<p style=\"font-weight: 400;\">Alquiler<br \/>&#8211; Los alojamientos de alquiler est\u00e1n totalmente equipados. El paquete b\u00e1sico es de<strong> 2 a 8 plazas<\/strong> seg\u00fan el tipo de alojamiento.<br \/>&#8211; El camping se reserva el derecho de denegar el acceso al camping a grupos o familias que lleguen con un n\u00famero de participantes superior a la capacidad del alojamiento alquilado.<\/p>\n<h3>Tarifas de reserva<\/h3>\n<p style=\"font-weight: 400;\">El camping pide una <strong>tasa de administraci\u00f3n de 30 \u20ac<\/strong> por estancia en JULIO y AGOSTO <strong>(se ofrece en temporada baja)<\/strong>.<\/p>\n<h3>Tarifas e impuesto tur\u00edstico<\/h3>\n<p style=\"font-weight: 400;\">&#8211; Los precios indicados son v\u00e1lidos para el a\u00f1o en curso. Corresponden a una noche, para parcelas y para la semana, y son en euros, IVA incluido.<br \/>&#8211; El importe de la tasa tur\u00edstica es de <strong>0,66 euros<\/strong> por noche y por persona mayor de 18 a\u00f1os.<\/p>\n<h3>Condiciones de pago<\/h3>\n<p style=\"font-weight: 400;\">&#8211; Para las reservas efectuadas con m\u00e1s de 30 d\u00edas de antelaci\u00f3n al inicio de la estancia, deber\u00e1 abonarse al camping, en el momento de la reserva, un <strong>dep\u00f3sito del 30%<\/strong> del importe de los servicios reservados.<br \/>&#8211; El saldo debe <strong>pagarse a m\u00e1s tardar 30 d\u00edas antes del inicio de<\/strong> la estancia en el camping.<br \/>&#8211; Para las reservas efectuadas con menos de 30 d\u00edas de antelaci\u00f3n a la fecha de inicio de la estancia, el pago \u00edntegro deber\u00e1 efectuarse en el momento de la reserva en el camping.<\/p>\n<h3>Anulaci\u00f3n y modificaciones<\/h3>\n<ol>\n<li style=\"font-weight: 400;\"><strong>  Modificaci\u00f3n de la reserva<\/strong><br \/>&#8211; Los cambios en la reserva se pueden realizar de forma gratuita, siempre que haya disponibilidad en el camping.<br \/>&#8211; En ausencia de un mensaje suyo indicando un aplazamiento de su fecha de llegada, el alojamiento podr\u00e1 volver a estar disponible para la venta 24 horas despu\u00e9s de la fecha de llegada mencionada en el contrato, y en consecuencia perder\u00e1 el beneficio de su reserva.<\/li>\n<li style=\"font-weight: 400;\"><strong>  Prestaciones no utilizadas<\/strong><br \/>Toda estancia interrumpida o acortada (llegada tard\u00eda, salida anticipada) por su culpa no ser\u00e1 reembolsada, salvo que contrate el seguro de anulaci\u00f3n \u00abCamping Covered\u00bb. En este caso, consulte la pol\u00edtica de cancelaci\u00f3n.<\/li>\n<li style=\"font-weight: 400;\"><strong>  Anulaci\u00f3n por parte del camping<\/strong><br \/>En caso de cancelaci\u00f3n por parte del camping, la estancia se reembolsar\u00e1 \u00edntegramente (menos los gastos de reserva). No obstante, dicha anulaci\u00f3n no dar\u00e1 lugar al pago de da\u00f1os y perjuicios.<\/li>\n<li style=\"font-weight: 400;\"><strong>  Anulaci\u00f3n por parte del campista<\/strong><br \/>&#8211; Los gastos de anulaci\u00f3n pueden ser cubiertos por la garant\u00eda de anulaci\u00f3n de vacaciones que ofrece nuestra aseguradora: Gritchen Affinity &#8211; campe couvert &#8211; 27, rue Charles Durand &#8211; CS70139 &#8211; 18021 Bourges cedex. Siempre que se respeten las cl\u00e1usulas de la garant\u00eda de cancelaci\u00f3n.<\/li>\n<\/ol>\n<ul style=\"font-weight: 400;\">\n<li><strong>Si no contratas un seguro de cancelaci\u00f3n de vacaciones:<\/strong><br \/>*Todos los pagos ser\u00e1n retenidos por el camping.<\/li>\n<\/ul>\n<h3>Su estancia<\/h3>\n<ol>\n<li style=\"font-weight: 400;\"><strong>  Llegada<\/strong><br \/>&#8211; Los <strong>d\u00edas de llegada var\u00edan<\/strong>seg\u00fan la \u00e9poca (para m\u00e1s informaci\u00f3n, p\u00f3ngase en contacto directamente con el camping).<br \/>&#8211; Alojamiento de alquiler: El d\u00eda de su llegada al camping, se le recibir\u00e1 <strong>a partir de las 16<\/strong> horas, habi\u00e9ndose realizado previamente el inventario de las instalaciones. Se solicitar\u00e1 una fianza de 300 euros a trav\u00e9s de una solicitud cuando reciba las llaves de su alojamiento. Este dep\u00f3sito le ser\u00e1 devuelto a su salida y despu\u00e9s del inventario, si su alojamiento es devuelto sin ning\u00fan da\u00f1o y en perfecto estado de limpieza a su salida.  <\/li>\n<\/ol>\n<p>XX Paquete de limpieza: 90\u20ac para las casas m\u00f3viles, los chalets de madera y los chalets T3 \/ 150\u20ac para la Gite, los chalets T4 y los chalets T5<\/p>\n<p>&nbsp;<\/p>\n<ol start=\"2\">\n<li style=\"font-weight: 400;\"><strong>  Durante su estancia<\/strong><br \/><strong>Es responsabilidad del cliente contratar un seguro: <\/strong> el camping declina toda responsabilidad en caso de robo, incendio, inclemencias del tiempo y en caso de incidente del que sea responsable el cliente.<br \/>Todos los clientes deben cumplir las normas de la casa.<br \/>Cada campista es responsable de cualquier perturbaci\u00f3n o molestia causada por las personas que se alojen con \u00e9l o le visiten.<\/li>\n<li style=\"font-weight: 400;\"><strong>  Salida<\/strong><br \/>Alojamiento de alquiler: El d\u00eda de salida indicado en su contrato, el alojamiento alquilado debe ser <strong>desalojado antes de las 10 de la ma\u00f1ana <\/strong>. El alojamiento se <strong>devolver\u00e1 en un estado limpio y ordenado<\/strong>, y se revisar\u00e1 el inventario. <strong>Cualquier elemento roto o da\u00f1ado se cobrar\u00e1 a usted<\/strong>, as\u00ed como la restauraci\u00f3n de las instalaciones si es necesario. <strong>La fianza le ser\u00e1 devuelta al final de su estancia<\/strong>, una vez deducidos los posibles da\u00f1os encontrados en el<strong>inventario <\/strong>de enseres a la salida. La retenci\u00f3n de la fianza no excluye una compensaci\u00f3n adicional en caso de que los costes superen el importe de la fianza. Si la salida se realiza fuera del horario de apertura de la recepci\u00f3n y sin control de nuestra parte, se le cobrar\u00e1 un precio fijo de limpieza de 90\u20ac para las casas m\u00f3viles, chalets de madera, chalets T3 y 150\u20ac para los alojamientos y chalets T4\/T5 sea cual sea el tipo de alquiler.<br \/>Si el alojamiento no se ha limpiado antes de su salida, se cobrar\u00e1 una tasa de limpieza.<br \/>Para las salidas tard\u00edas, se cobrar\u00e1 un d\u00eda adicional con la tarifa nocturna vigente.<\/li>\n<\/ol>\n<h3>Animales<\/h3>\n<p style=\"font-weight: 400;\"> <strong>No se admiten animales<\/strong> en el camping  <\/p>\n<h3>Litigios<\/h3>\n<p style=\"font-weight: 400;\">En caso de litigio y tras haberse puesto en contacto con el \u00abservicio de atenci\u00f3n al cliente\u00bb del establecimiento, cualquier cliente del camping tiene la posibilidad de remitir el asunto a un mediador de consumo, en un plazo m\u00e1ximo de un a\u00f1o a partir de la fecha de la reclamaci\u00f3n escrita, por carta certificada al operador. Los datos de contacto del mediador al que puede dirigirse el cliente son los siguientes<\/p>\n<p style=\"font-weight: 400;\">Mediaci\u00f3n en Bayona<br \/>Remisi\u00f3n por Internet rellenando el formulario previsto a tal efecto: <a href=\"https:\/\/www.bayonne-mediation.com\/\">www.bayonne-mediation.com<\/a><br \/>Remisi\u00f3n por correo electr\u00f3nico: <a href=\"mailto:bayonnemediation.consommation@gmail.com\"><span> bayonnemediation.consommation@gmail.com(el enlace env\u00eda el correo electr\u00f3nico)<\/span><\/a><\/p>\n<h3>Responsabilidad del camping<\/h3>\n<p style=\"font-weight: 400;\">El cliente reconoce expresamente que el camping no se hace responsable de las falsas informaciones dadas en el folleto o en el sitio web del camping por sus socios o por cualquier tercero sobre las fotos de presentaci\u00f3n, las descripciones, las actividades, las actividades de ocio, los servicios y las fechas de funcionamiento. Todas las fotos y los textos utilizados en el folleto o en el sitio web del camping no son contractuales. S\u00f3lo son indicativos. Puede ocurrir que ciertas actividades e instalaciones ofrecidas por el camping e indicadas en la descripci\u00f3n del folleto sean canceladas, especialmente por razones clim\u00e1ticas o en caso de fuerza mayor seg\u00fan la definici\u00f3n de los tribunales franceses.<\/p>\n<h3>Tecnolog\u00eda de la informaci\u00f3n y libertades civiles<\/h3>\n<p style=\"font-weight: 400;\">La recogida de datos personales, su utilizaci\u00f3n para la tramitaci\u00f3n de los pedidos y la creaci\u00f3n de ficheros de clientes y su distribuci\u00f3n a terceros encargados de la ejecuci\u00f3n y el pago de los pedidos est\u00e1 sujeta al consentimiento del interesado.<br \/>El tratamiento de los datos personales, recogidos y conservados por el vendedor con el \u00fanico fin de administrar correctamente los pedidos y las relaciones comerciales, est\u00e1 sujeto a una declaraci\u00f3n ante la Comisi\u00f3n Nacional de Inform\u00e1tica y Libertades. Los datos personales s\u00f3lo se conservan durante el tiempo estrictamente necesario para el servicio prestado.<br \/>El proveedor s\u00f3lo recoge y utiliza los datos estrictamente necesarios para satisfacer las necesidades y servicios para los que fueron recogidos.<br \/>De acuerdo con la Ley de Protecci\u00f3n de Datos francesa, el beneficiario del servicio tiene derecho a acceder, modificar, rectificar, oponerse y eliminar los datos personales que le conciernen en cualquier momento, o a limitar el tratamiento y la portabilidad de dichos datos. El responsable del tratamiento de dichos datos es nuestro departamento administrativo, al que basta con escribir, para cualquier solicitud al respecto, a la direcci\u00f3n del camping, indicando sus apellidos, nombres y direcci\u00f3n.<br \/>El proveedor incluye los requisitos de protecci\u00f3n de datos personales en todos sus nuevos procedimientos y ofertas de servicios.<br \/>El prestador de servicios se abstendr\u00e1 de revelar cualquier informaci\u00f3n relativa a su cliente o a sus bienes a la que haya podido tener acceso en el desempe\u00f1o de su servicio.<br \/>Tampoco se transferir\u00e1n estos datos a un pa\u00eds no perteneciente a la UE.<\/p>\n<h3>Garant\u00eda de anulaci\u00f3n<\/h3>\n<p style=\"font-weight: 400;\">Los <strong>gastos de anulaci\u00f3n pueden ser cubiertos por la garant\u00eda de anulaci\u00f3n de<\/strong> vacaciones que ofrece nuestro <strong>socio Campez Couvert<\/strong> por un importe del 3,5% del importe total de la estancia. Para conocer los t\u00e9rminos y condiciones que se aplican a este seguro, consulte este documento de <a href=\"https:\/\/www.campez-couvert.com\/pour-les-particuliers\/prendre-connaissance-des-cga\/cga\/\">T\u00e9rminos y Condiciones<\/a>.<\/p>\n<p style=\"font-weight: 400;\">En caso de cancelaci\u00f3n, es imperativo notificar a la compa\u00f1\u00eda de seguros <a href=\"https:\/\/www.campez-couvert.com\/pour-les-particuliers\/annuler-interrompre-votre-sejour\/\">Campez Couvert<\/a>.<\/p>\n<p style=\"font-weight: 400;\">SARL Gritchen Affinity &#8211; Empresa de corretaje de seguros<br \/>27, rue Charles Durand -CS70139 &#8211; 18021 Bourges cedex &#8211; Francia<\/p>\n<p style=\"font-weight: 400;\">Anulaci\u00f3n de la reserva: se recuerda al cliente que no dispone del derecho de retractaci\u00f3n previsto en el art\u00edculo l.221-18 del c\u00f3digo del consumidor, y ello de conformidad con el art\u00edculo l-221-28 p\u00e1rrafo 12 del c\u00f3digo del consumidor que excluye este derecho para los contratos relativos a la prestaci\u00f3n de servicios de alojamiento que deban prestarse en una fecha o durante un per\u00edodo determinado.<\/p>\n<h3>Extracto del Reglamento Interno :<\/h3>\n<p style=\"font-weight: 400;\">Est\u00e1 expuesta en la entrada del camping. Le agradecemos que tome nota de ellos. <strong>Todos los hu\u00e9spedes deben respetar las normas del<\/strong> camping. El incumplimiento <strong>de las normas puede suponer la expulsi\u00f3n<\/strong> del camping sin devoluci\u00f3n de la estancia.<br \/><strong>1- Reglas de vida en el camping :<\/strong><br \/>El uso de equipos de sonido no debe percibirse m\u00e1s all\u00e1 del per\u00edmetro de cada lugar. A partir de las 22.30 horas, es obligatorio que todos respeten el derecho al descanso de sus vecinos<br \/><strong>2- Tr\u00e1fico :<\/strong><br \/>La circulaci\u00f3n de veh\u00edculos est\u00e1 <strong>limitada a 10 km\/h<\/strong> y est\u00e1 <strong>prohibida en el camping entre las 23:00 y las 6:00 horas<\/strong> (las motos no tienen autorizaci\u00f3n espec\u00edfica). Todas las personas presentes en el camping deben comportarse como un buen padre de familia.<br \/><strong>3- Visitantes :<\/strong><br \/>Para preservar la tranquilidad del camping, tus amigos s\u00f3lo podr\u00e1n visitarte a pie de 9.30 a 21.30. Los visitantes deben presentarse en la recepci\u00f3n para entregar un <strong>documento de identidad<\/strong>.  <\/p>\n<p>&nbsp;<\/p>\n<p>[\/et_pb_text][\/et_pb_column][\/et_pb_row][\/et_pb_section]<\/p>\n","protected":false},"excerpt":{"rendered":"<p>Condiciones generales de ventaCondiciones de reserva &#8211; La reserva se hace efectiva s\u00f3lo despu\u00e9s de que el camping la haya aceptado, despu\u00e9s de que se haya recibido el dep\u00f3sito y despu\u00e9s de que se haya completado y firmado debidamente el contrato de reserva, o despu\u00e9s de que se hayan aceptado las condiciones generales de venta [&hellip;]<\/p>\n","protected":false},"author":1,"featured_media":0,"parent":0,"menu_order":0,"comment_status":"closed","ping_status":"closed","template":"","meta":{"_et_pb_use_builder":"on","_et_pb_old_content":"","_et_gb_content_width":"","footnotes":""},"class_list":["post-1579","page","type-page","status-publish","hentry"],"yoast_head":"<!-- This site is optimized with the Yoast SEO plugin v27.6 - https:\/\/yoast.com\/product\/yoast-seo-wordpress\/ -->\n<title>Condiciones generales de venta - Txoko Des 2 Jumeaux<\/title>\n<meta name=\"description\" content=\"Encuentre aqu\u00ed las condiciones generales de venta del camping Txoko Les 2 Jumeaux ***, en Hendaya (Pa\u00eds Vasco).\" \/>\n<meta name=\"robots\" content=\"index, follow, max-snippet:-1, max-image-preview:large, max-video-preview:-1\" \/>\n<link rel=\"canonical\" href=\"https:\/\/www.camping-des-2jumeaux.com\/es\/condiciones-generales-de-venta\/\" \/>\n<meta property=\"og:locale\" content=\"es_ES\" \/>\n<meta property=\"og:type\" content=\"article\" \/>\n<meta property=\"og:title\" content=\"Condiciones generales de venta - Txoko Des 2 Jumeaux\" \/>\n<meta property=\"og:description\" content=\"Encuentre aqu\u00ed las condiciones generales de venta del camping Txoko Les 2 Jumeaux ***, en Hendaya (Pa\u00eds Vasco).\" \/>\n<meta property=\"og:url\" content=\"https:\/\/www.camping-des-2jumeaux.com\/es\/condiciones-generales-de-venta\/\" \/>\n<meta property=\"og:site_name\" content=\"Txoko Des 2 Jumeaux\" \/>\n<meta property=\"article:modified_time\" content=\"2023-04-25T07:56:49+00:00\" \/>\n<meta name=\"twitter:card\" content=\"summary_large_image\" \/>\n<meta name=\"twitter:label1\" content=\"Tiempo de lectura\" \/>\n\t<meta name=\"twitter:data1\" content=\"10 minutos\" \/>\n<script type=\"application\/ld+json\" class=\"yoast-schema-graph\">{\"@context\":\"https:\\\/\\\/schema.org\",\"@graph\":[{\"@type\":\"WebPage\",\"@id\":\"https:\\\/\\\/www.camping-des-2jumeaux.com\\\/es\\\/condiciones-generales-de-venta\\\/\",\"url\":\"https:\\\/\\\/www.camping-des-2jumeaux.com\\\/es\\\/condiciones-generales-de-venta\\\/\",\"name\":\"Condiciones generales de venta - Txoko Des 2 Jumeaux\",\"isPartOf\":{\"@id\":\"https:\\\/\\\/www.camping-des-2jumeaux.com\\\/es\\\/#website\"},\"datePublished\":\"2022-11-16T05:56:29+00:00\",\"dateModified\":\"2023-04-25T07:56:49+00:00\",\"description\":\"Encuentre aqu\u00ed las condiciones generales de venta del camping Txoko Les 2 Jumeaux ***, en Hendaya (Pa\u00eds Vasco).\",\"breadcrumb\":{\"@id\":\"https:\\\/\\\/www.camping-des-2jumeaux.com\\\/es\\\/condiciones-generales-de-venta\\\/#breadcrumb\"},\"inLanguage\":\"es\",\"potentialAction\":[{\"@type\":\"ReadAction\",\"target\":[\"https:\\\/\\\/www.camping-des-2jumeaux.com\\\/es\\\/condiciones-generales-de-venta\\\/\"]}]},{\"@type\":\"BreadcrumbList\",\"@id\":\"https:\\\/\\\/www.camping-des-2jumeaux.com\\\/es\\\/condiciones-generales-de-venta\\\/#breadcrumb\",\"itemListElement\":[{\"@type\":\"ListItem\",\"position\":1,\"name\":\"Accueil\",\"item\":\"https:\\\/\\\/www.camping-des-2jumeaux.com\\\/es\\\/\"},{\"@type\":\"ListItem\",\"position\":2,\"name\":\"Condiciones generales de venta\"}]},{\"@type\":\"WebSite\",\"@id\":\"https:\\\/\\\/www.camping-des-2jumeaux.com\\\/es\\\/#website\",\"url\":\"https:\\\/\\\/www.camping-des-2jumeaux.com\\\/es\\\/\",\"name\":\"Txoko Des 2 Jumeaux\",\"description\":\"Camping*** - Hendaye I France\",\"potentialAction\":[{\"@type\":\"SearchAction\",\"target\":{\"@type\":\"EntryPoint\",\"urlTemplate\":\"https:\\\/\\\/www.camping-des-2jumeaux.com\\\/es\\\/?s={search_term_string}\"},\"query-input\":{\"@type\":\"PropertyValueSpecification\",\"valueRequired\":true,\"valueName\":\"search_term_string\"}}],\"inLanguage\":\"es\"}]}<\/script>\n<!-- \/ Yoast SEO plugin. -->","yoast_head_json":{"title":"Condiciones generales de venta - Txoko Des 2 Jumeaux","description":"Encuentre aqu\u00ed las condiciones generales de venta del camping Txoko Les 2 Jumeaux ***, en Hendaya (Pa\u00eds Vasco).","robots":{"index":"index","follow":"follow","max-snippet":"max-snippet:-1","max-image-preview":"max-image-preview:large","max-video-preview":"max-video-preview:-1"},"canonical":"https:\/\/www.camping-des-2jumeaux.com\/es\/condiciones-generales-de-venta\/","og_locale":"es_ES","og_type":"article","og_title":"Condiciones generales de venta - Txoko Des 2 Jumeaux","og_description":"Encuentre aqu\u00ed las condiciones generales de venta del camping Txoko Les 2 Jumeaux ***, en Hendaya (Pa\u00eds Vasco).","og_url":"https:\/\/www.camping-des-2jumeaux.com\/es\/condiciones-generales-de-venta\/","og_site_name":"Txoko Des 2 Jumeaux","article_modified_time":"2023-04-25T07:56:49+00:00","twitter_card":"summary_large_image","twitter_misc":{"Tiempo de lectura":"10 minutos"},"schema":{"@context":"https:\/\/schema.org","@graph":[{"@type":"WebPage","@id":"https:\/\/www.camping-des-2jumeaux.com\/es\/condiciones-generales-de-venta\/","url":"https:\/\/www.camping-des-2jumeaux.com\/es\/condiciones-generales-de-venta\/","name":"Condiciones generales de venta - Txoko Des 2 Jumeaux","isPartOf":{"@id":"https:\/\/www.camping-des-2jumeaux.com\/es\/#website"},"datePublished":"2022-11-16T05:56:29+00:00","dateModified":"2023-04-25T07:56:49+00:00","description":"Encuentre aqu\u00ed las condiciones generales de venta del camping Txoko Les 2 Jumeaux ***, en Hendaya (Pa\u00eds Vasco).","breadcrumb":{"@id":"https:\/\/www.camping-des-2jumeaux.com\/es\/condiciones-generales-de-venta\/#breadcrumb"},"inLanguage":"es","potentialAction":[{"@type":"ReadAction","target":["https:\/\/www.camping-des-2jumeaux.com\/es\/condiciones-generales-de-venta\/"]}]},{"@type":"BreadcrumbList","@id":"https:\/\/www.camping-des-2jumeaux.com\/es\/condiciones-generales-de-venta\/#breadcrumb","itemListElement":[{"@type":"ListItem","position":1,"name":"Accueil","item":"https:\/\/www.camping-des-2jumeaux.com\/es\/"},{"@type":"ListItem","position":2,"name":"Condiciones generales de venta"}]},{"@type":"WebSite","@id":"https:\/\/www.camping-des-2jumeaux.com\/es\/#website","url":"https:\/\/www.camping-des-2jumeaux.com\/es\/","name":"Txoko Des 2 Jumeaux","description":"Camping*** - Hendaye I France","potentialAction":[{"@type":"SearchAction","target":{"@type":"EntryPoint","urlTemplate":"https:\/\/www.camping-des-2jumeaux.com\/es\/?s={search_term_string}"},"query-input":{"@type":"PropertyValueSpecification","valueRequired":true,"valueName":"search_term_string"}}],"inLanguage":"es"}]}},"_links":{"self":[{"href":"https:\/\/www.camping-des-2jumeaux.com\/es\/wp-json\/wp\/v2\/pages\/1579","targetHints":{"allow":["GET"]}}],"collection":[{"href":"https:\/\/www.camping-des-2jumeaux.com\/es\/wp-json\/wp\/v2\/pages"}],"about":[{"href":"https:\/\/www.camping-des-2jumeaux.com\/es\/wp-json\/wp\/v2\/types\/page"}],"author":[{"embeddable":true,"href":"https:\/\/www.camping-des-2jumeaux.com\/es\/wp-json\/wp\/v2\/users\/1"}],"replies":[{"embeddable":true,"href":"https:\/\/www.camping-des-2jumeaux.com\/es\/wp-json\/wp\/v2\/comments?post=1579"}],"version-history":[{"count":0,"href":"https:\/\/www.camping-des-2jumeaux.com\/es\/wp-json\/wp\/v2\/pages\/1579\/revisions"}],"wp:attachment":[{"href":"https:\/\/www.camping-des-2jumeaux.com\/es\/wp-json\/wp\/v2\/media?parent=1579"}],"curies":[{"name":"wp","href":"https:\/\/api.w.org\/{rel}","templated":true}]}}