{"id":1522,"date":"2022-11-16T06:52:39","date_gmt":"2022-11-16T05:52:39","guid":{"rendered":"https:\/\/www.camping-des-2jumeaux.com\/grupos-privatizacion\/"},"modified":"2024-11-01T10:00:18","modified_gmt":"2024-11-01T09:00:18","slug":"grupos-privatizacion","status":"publish","type":"page","link":"https:\/\/www.camping-des-2jumeaux.com\/es\/grupos-privatizacion\/","title":{"rendered":"Grupos"},"content":{"rendered":"<p>[et_pb_section fb_built=\u00bb1&#8243; next_background_color=\u00bb#FFFFFF\u00bb _builder_version=\u00bb4.19.0&#8243; _module_preset=\u00bbdefault\u00bb background_color=\u00bb#C67D63&#8243; use_background_color_gradient=\u00bbon\u00bb background_color_gradient_stops=\u00bbrgba(0,0,0,0.14) 68%|rgba(198,125,99,0) 96%\u00bb background_color_gradient_overlays_image=\u00bbon\u00bb background_image=\u00bbhttps:\/\/www.camping-des-2jumeaux.com\/wp-content\/uploads\/2022\/11\/020A6317.jpg\u00bb custom_padding=\u00bb249px||249px||true|false\u00bb bottom_divider_style=\u00bbwaves2&#8243; bottom_divider_height=\u00bb50px\u00bb global_colors_info=\u00bb{}\u00bb][et_pb_row use_custom_gutter=\u00bbon\u00bb gutter_width=\u00bb1&#8243; make_equal=\u00bbon\u00bb _builder_version=\u00bb4.19.0&#8243; _module_preset=\u00bbdefault\u00bb background_enable_image=\u00bboff\u00bb width=\u00bb74%\u00bb max_width=\u00bb2560px\u00bb custom_margin=\u00bb|auto||auto|false|false\u00bb custom_padding=\u00bb||||false|false\u00bb global_colors_info=\u00bb{}\u00bb][et_pb_column type=\u00bb4_4&#8243; _builder_version=\u00bb4.19.0&#8243; _module_preset=\u00bbdefault\u00bb global_colors_info=\u00bb{}\u00bb][et_pb_text _builder_version=\u00bb4.19.0&#8243; _module_preset=\u00bbdefault\u00bb text_text_color=\u00bb#FFFFFF\u00bb text_font_size=\u00bb24px\u00bb header_font=\u00bb||||||||\u00bb header_text_color=\u00bb#FFFFFF\u00bb header_font_size=\u00bb60px\u00bb text_orientation=\u00bbcenter\u00bb header_font_size_tablet=\u00bb51px\u00bb header_font_size_phone=\u00bb28px\u00bb header_font_size_last_edited=\u00bbon|desktop\u00bb text_text_shadow_style=\u00bbpreset1&#8243; text_text_shadow_vertical_length=\u00bb0.05em\u00bb text_text_shadow_blur_strength=\u00bb0.63em\u00bb text_text_shadow_color=\u00bbrgba(0,0,0,0.06)\u00bb global_colors_info=\u00bb{}\u00bb]<\/p>\n<h1>Grupos<\/h1>\n<div><\/div>\n<div><em>Taldeak<\/em><\/div>\n<div><\/div>\n<p>[\/et_pb_text][\/et_pb_column][\/et_pb_row][\/et_pb_section][et_pb_section fb_built=\u00bb1&#8243; _builder_version=\u00bb4.19.0&#8243; _module_preset=\u00bbdefault\u00bb background_color=\u00bb#FFFFFF\u00bb custom_padding=\u00bb1px||25px|||\u00bb global_colors_info=\u00bb{}\u00bb][et_pb_row _builder_version=\u00bb4.19.0&#8243; _module_preset=\u00bbdefault\u00bb custom_padding=\u00bb28px|||||\u00bb global_colors_info=\u00bb{}\u00bb][et_pb_column type=\u00bb4_4&#8243; _builder_version=\u00bb4.19.0&#8243; _module_preset=\u00bbdefault\u00bb global_colors_info=\u00bb{}\u00bb][et_pb_text _builder_version=\u00bb4.19.0&#8243; _module_preset=\u00bbdefault\u00bb header_2_text_color=\u00bb#C67D63&#8243; header_2_font_size=\u00bb40px\u00bb custom_margin=\u00bb23px|||||\u00bb global_colors_info=\u00bb{}\u00bb]<\/p>\n<h2 style=\"font-weight: 400;\"><strong>Camping Txoko Les 2 Jumeaux  <\/strong><\/h2>\n<h2 style=\"font-weight: 400;\">\u00a1s\u00f3lo para ti!<\/h2>\n<p>[\/et_pb_text][\/et_pb_column][\/et_pb_row][et_pb_row column_structure=\u00bb1_2,1_2&#8243; _builder_version=\u00bb4.19.0&#8243; _module_preset=\u00bbdefault\u00bb width=\u00bb61%\u00bb width_tablet=\u00bb70%\u00bb width_phone=\u00bb70%\u00bb width_last_edited=\u00bbon|tablet\u00bb max_width=\u00bb2560px\u00bb global_colors_info=\u00bb{}\u00bb][et_pb_column type=\u00bb1_2&#8243; _builder_version=\u00bb4.19.0&#8243; _module_preset=\u00bbdefault\u00bb global_colors_info=\u00bb{}\u00bb][et_pb_text _builder_version=\u00bb4.19.0&#8243; _module_preset=\u00bbdefault\u00bb text_font=\u00bb|300|||||||\u00bb text_text_color=\u00bbrgba(0,0,0,0.58)\u00bb text_font_size=\u00bb17px\u00bb text_line_height=\u00bb1.8em\u00bb global_colors_info=\u00bb{}\u00bb]<\/p>\n<div>\n<p style=\"font-weight: 400;\">Encontrar el lugar adecuado para un grupo, ya sea para un <strong>evento privado o de negocios<\/strong>, es una tarea importante, adem\u00e1s de una gran responsabilidad. El lugar debe ser agradable, adecuado a sus necesidades y bien situado. El equipo demostrar\u00e1 ser atento, eficiente y receptivo. De hecho, \u00a1como en nuestra casa!<\/p>\n<p style=\"font-weight: 400;\">Todos nuestros alojamientos est\u00e1n dise\u00f1ados para alojar c\u00f3modamente a sus invitados en un emplazamiento \u00fanico con vistas excepcionales, a s\u00f3lo <strong>200 metros de la playa <\/strong>y a<strong> 5 minutos en coche del sur del Pa\u00eds Vasco<\/strong>. Chalets de madera, chalets vascos, casas m\u00f3viles, casas rurales, parcelas de camping: \u00a1la elecci\u00f3n es variada!  <span> <\/span>Todos los alojamientos est\u00e1n bien mantenidos y equipados. Tambi\u00e9n hay instalaciones sanitarias, lavander\u00eda, barbacoa comunitaria, parque infantil, campo de petanca, futbol\u00edn y tenis de mesa. En nuestra tienda de comestibles del Txoko, podr\u00e1 saciar su sed bajo el sol y encontrar mucho que comer: \u00a1los peque\u00f1os productores locales ocupan un lugar privilegiado!<\/p>\n<\/div>\n<p>[\/et_pb_text][\/et_pb_column][et_pb_column type=\u00bb1_2&#8243; _builder_version=\u00bb4.19.0&#8243; _module_preset=\u00bbdefault\u00bb global_colors_info=\u00bb{}\u00bb][et_pb_image src=\u00bbhttps:\/\/www.camping-des-2jumeaux.com\/wp-content\/uploads\/2022\/11\/020A6401.jpg\u00bb title_text=\u00bb020A6401&#8243; show_in_lightbox=\u00bbon\u00bb _builder_version=\u00bb4.19.1&#8243; _module_preset=\u00bbdefault\u00bb custom_margin=\u00bb-24px|||||\u00bb global_colors_info=\u00bb{}\u00bb][\/et_pb_image][et_pb_image src=\u00bbhttps:\/\/www.camping-des-2jumeaux.com\/wp-content\/uploads\/2022\/11\/DJI_0196.jpg\u00bb title_text=\u00bbcreado por dji camera\u00bb show_in_lightbox=\u00bbon\u00bb _builder_version=\u00bb4.19.1&#8243; _module_preset=\u00bbdefault\u00bb custom_margin=\u00bb18px|||||\u00bb global_colors_info=\u00bb{}\u00bb][\/et_pb_image][\/et_pb_column][\/et_pb_row][\/et_pb_section][et_pb_section fb_built=\u00bb1&#8243; _builder_version=\u00bb4.19.0&#8243; _module_preset=\u00bbdefault\u00bb custom_padding=\u00bb9px|||||\u00bb global_colors_info=\u00bb{}\u00bb][et_pb_row _builder_version=\u00bb4.19.0&#8243; _module_preset=\u00bbdefault\u00bb custom_margin=\u00bb|auto|-79px|auto||\u00bb global_colors_info=\u00bb{}\u00bb][et_pb_column type=\u00bb4_4&#8243; _builder_version=\u00bb4.19.0&#8243; _module_preset=\u00bbdefault\u00bb global_colors_info=\u00bb{}\u00bb][et_pb_divider divider_weight=\u00bb2px\u00bb _builder_version=\u00bb4.19.0&#8243; _module_preset=\u00bbdefault\u00bb width=\u00bb27%\u00bb module_alignment=\u00bbcenter\u00bb global_colors_info=\u00bb{}\u00bb][\/et_pb_divider][\/et_pb_column][\/et_pb_row][\/et_pb_section][et_pb_section fb_built=\u00bb1&#8243; _builder_version=\u00bb4.19.0&#8243; _module_preset=\u00bbdefault\u00bb background_enable_color=\u00bboff\u00bb custom_padding=\u00bb1px||44px|||\u00bb global_colors_info=\u00bb{}\u00bb][et_pb_row column_structure=\u00bb2_3,1_3&#8243; _builder_version=\u00bb4.19.0&#8243; _module_preset=\u00bbdefault\u00bb custom_margin=\u00bb-4px|auto||auto||\u00bb custom_padding=\u00bb||0px|||\u00bb global_colors_info=\u00bb{}\u00bb][et_pb_column type=\u00bb2_3&#8243; _builder_version=\u00bb4.19.0&#8243; _module_preset=\u00bbdefault\u00bb global_colors_info=\u00bb{}\u00bb][et_pb_text _builder_version=\u00bb4.19.0&#8243; _module_preset=\u00bbdefault\u00bb text_text_color=\u00bb#C67D63&#8243; header_text_color=\u00bb#FFFFFF\u00bb header_2_font=\u00bb||||||||\u00bb header_2_text_color=\u00bb#C67D63&#8243; header_2_font_size=\u00bb40px\u00bb max_width=\u00bb100%\u00bb max_width_tablet=\u00bb100%\u00bb max_width_phone=\u00bb92%\u00bb max_width_last_edited=\u00bbon|phone\u00bb custom_margin=\u00bb0px|||||\u00bb global_colors_info=\u00bb{}\u00bb]<\/p>\n<h2 style=\"font-weight: 400; text-align: left;\">Asistencia<strong> personalizada<\/strong><\/h2>\n<p style=\"font-weight: 400;\"><strong><\/strong><\/p>\n<p>[\/et_pb_text][\/et_pb_column][et_pb_column type=\u00bb1_3&#8243; _builder_version=\u00bb4.19.0&#8243; _module_preset=\u00bbdefault\u00bb global_colors_info=\u00bb{}\u00bb][et_pb_image src=\u00bbhttps:\/\/www.camping-des-2jumeaux.com\/wp-content\/uploads\/2022\/11\/seminaire.png\u00bb title_text=\u00bbseminario\u00bb align=\u00bbright\u00bb _builder_version=\u00bb4.19.0&#8243; _module_preset=\u00bbdefault\u00bb width=\u00bb52%\u00bb width_tablet=\u00bb20%\u00bb width_phone=\u00bb15%\u00bb width_last_edited=\u00bbon|phone\u00bb custom_margin=\u00bb-21px|||||\u00bb global_colors_info=\u00bb{}\u00bb][\/et_pb_image][\/et_pb_column][\/et_pb_row][et_pb_row column_structure=\u00bb1_2,1_2&#8243; _builder_version=\u00bb4.19.0&#8243; _module_preset=\u00bbdefault\u00bb global_colors_info=\u00bb{}\u00bb][et_pb_column type=\u00bb1_2&#8243; _builder_version=\u00bb4.19.0&#8243; _module_preset=\u00bbdefault\u00bb global_colors_info=\u00bb{}\u00bb][et_pb_text _builder_version=\u00bb4.19.0&#8243; _module_preset=\u00bbdefault\u00bb global_colors_info=\u00bb{}\u00bb]<\/p>\n<p style=\"font-weight: 400;\">\u00bfEst\u00e1 organizando una <strong>boda<\/strong>, una <strong>fiesta de primos<\/strong>, una <strong>despedida de soltero<\/strong>, un <strong>seminario<\/strong> o un curso <strong>de formaci\u00f3n<\/strong> de empresa? Estamos deseando verle. En el lugar, apreciar\u00e1 la <strong>amabilidad<\/strong> y la <strong>profesionalidad<\/strong> de nuestro equipo, que le asesorar\u00e1 eficazmente para construir sus <strong>proyectos a medida<\/strong>. Gracias a nuestra <strong>red de socios de confianza<\/strong>, podemos ayudarle de la A a la Z, ya sea un <strong>particular<\/strong>, una <strong>asociaci\u00f3n<\/strong>, un<strong> club deportivo<\/strong> o un <strong>comit\u00e9 de empresa<\/strong>.<\/p>\n<p>[\/et_pb_text][\/et_pb_column][et_pb_column type=\u00bb1_2&#8243; _builder_version=\u00bb4.19.0&#8243; _module_preset=\u00bbdefault\u00bb global_colors_info=\u00bb{}\u00bb][et_pb_text _builder_version=\u00bb4.19.1&#8243; _module_preset=\u00bbdefault\u00bb global_colors_info=\u00bb{}\u00bb]<\/p>\n<p style=\"font-weight: 400;\">Sus hu\u00e9spedes tambi\u00e9n disfrutar\u00e1n de las <strong>numerosas posibilidades de excursiones<\/strong> en los alrededores: senderismo en las monta\u00f1as vascas, surf, rafting, golf, noches de tapas en Espa\u00f1a, visitas a las famosas ciudades de Bayona, Biarritz y San Juan de Luz, etc. Adem\u00e1s de proporcionarle alojamiento, estaremos encantados de organizar sus <strong>salidas en grupo<\/strong> con la ayuda de proveedores de servicios de calidad.<\/p>\n<p>[\/et_pb_text][\/et_pb_column][\/et_pb_row][et_pb_row _builder_version=\u00bb4.19.0&#8243; _module_preset=\u00bbdefault\u00bb global_colors_info=\u00bb{}\u00bb][et_pb_column type=\u00bb4_4&#8243; _builder_version=\u00bb4.19.0&#8243; _module_preset=\u00bbdefault\u00bb global_colors_info=\u00bb{}\u00bb][et_pb_text _builder_version=\u00bb4.24.0&#8243; _module_preset=\u00bbdefault\u00bb global_colors_info=\u00bb{}\u00bb][\/et_pb_text][\/et_pb_column][\/et_pb_row][\/et_pb_section][et_pb_section fb_built=\u00bb1&#8243; _builder_version=\u00bb4.19.0&#8243; _module_preset=\u00bbdefault\u00bb background_color=\u00bb#356774&#8243; global_colors_info=\u00bb{}\u00bb][et_pb_row column_structure=\u00bb1_2,1_2&#8243; _builder_version=\u00bb4.19.0&#8243; _module_preset=\u00bbdefault\u00bb global_colors_info=\u00bb{}\u00bb][et_pb_column type=\u00bb1_2&#8243; _builder_version=\u00bb4.19.0&#8243; _module_preset=\u00bbdefault\u00bb global_colors_info=\u00bb{}\u00bb][et_pb_text _builder_version=\u00bb4.27.2&#8243; _module_preset=\u00bbdefault\u00bb text_text_color=\u00bb#FFFFFF\u00bb header_4_text_color=\u00bb#FFFFFF\u00bb header_4_line_height=\u00bb1.5em\u00bb hover_enabled=\u00bb0&#8243; global_colors_info=\u00bb{}\u00bb sticky_enabled=\u00bb0&#8243;]<\/p>\n<h4><strong>\u00bfBusca el lugar perfecto para su pr\u00f3ximo evento en la Costa Vasca? Estamos aqu\u00ed para usted.<\/strong><\/h4>\n<div>\n<p style=\"font-weight: 400;\">P\u00f3ngase en contacto con nosotros y hablemos de sus necesidades y deseos espec\u00edficos.<\/p>\n<\/div>\n<p>[\/et_pb_text][\/et_pb_column][et_pb_column type=\u00bb1_2&#8243; _builder_version=\u00bb4.19.0&#8243; _module_preset=\u00bbdefault\u00bb global_colors_info=\u00bb{}\u00bb][\/et_pb_column][\/et_pb_row][\/et_pb_section]<\/p>\n","protected":false},"excerpt":{"rendered":"<p>Grupos Taldeak Camping Txoko Les 2 Jumeaux \u00a1s\u00f3lo para ti! Encontrar el lugar adecuado para un grupo, ya sea para un evento privado o de negocios, es una tarea importante, adem\u00e1s de una gran responsabilidad. El lugar debe ser agradable, adecuado a sus necesidades y bien situado. El equipo demostrar\u00e1 ser atento, eficiente y receptivo. [&hellip;]<\/p>\n","protected":false},"author":1,"featured_media":0,"parent":0,"menu_order":0,"comment_status":"closed","ping_status":"closed","template":"","meta":{"_et_pb_use_builder":"on","_et_pb_old_content":"","_et_gb_content_width":"","footnotes":""},"class_list":["post-1522","page","type-page","status-publish","hentry"],"yoast_head":"<!-- This site is optimized with the Yoast SEO plugin v27.6 - https:\/\/yoast.com\/product\/yoast-seo-wordpress\/ -->\n<title>Alojamiento para grupos en el Pa\u00eds Vasco<\/title>\n<meta name=\"description\" content=\"Para sus seminarios y eventos en el Pa\u00eds Vasco, el camping Txoko Les 2 Jumeaux le ofrece alojamiento para grupos.\" \/>\n<meta name=\"robots\" content=\"index, follow, max-snippet:-1, max-image-preview:large, max-video-preview:-1\" \/>\n<link rel=\"canonical\" href=\"https:\/\/www.camping-des-2jumeaux.com\/es\/grupos-privatizacion\/\" \/>\n<meta property=\"og:locale\" content=\"es_ES\" \/>\n<meta property=\"og:type\" content=\"article\" \/>\n<meta property=\"og:title\" content=\"Alojamiento para grupos en el Pa\u00eds Vasco\" \/>\n<meta property=\"og:description\" content=\"Para sus seminarios y eventos en el Pa\u00eds Vasco, el camping Txoko Les 2 Jumeaux le ofrece alojamiento para grupos.\" \/>\n<meta property=\"og:url\" content=\"https:\/\/www.camping-des-2jumeaux.com\/es\/grupos-privatizacion\/\" \/>\n<meta property=\"og:site_name\" content=\"Txoko Des 2 Jumeaux\" \/>\n<meta property=\"article:modified_time\" content=\"2024-11-01T09:00:18+00:00\" \/>\n<meta name=\"twitter:card\" content=\"summary_large_image\" \/>\n<meta name=\"twitter:label1\" content=\"Tiempo de lectura\" \/>\n\t<meta name=\"twitter:data1\" content=\"6 minutos\" \/>\n<script type=\"application\/ld+json\" class=\"yoast-schema-graph\">{\"@context\":\"https:\\\/\\\/schema.org\",\"@graph\":[{\"@type\":\"WebPage\",\"@id\":\"https:\\\/\\\/www.camping-des-2jumeaux.com\\\/es\\\/grupos-privatizacion\\\/\",\"url\":\"https:\\\/\\\/www.camping-des-2jumeaux.com\\\/es\\\/grupos-privatizacion\\\/\",\"name\":\"Alojamiento para grupos en el Pa\u00eds Vasco\",\"isPartOf\":{\"@id\":\"https:\\\/\\\/www.camping-des-2jumeaux.com\\\/es\\\/#website\"},\"datePublished\":\"2022-11-16T05:52:39+00:00\",\"dateModified\":\"2024-11-01T09:00:18+00:00\",\"description\":\"Para sus seminarios y eventos en el Pa\u00eds Vasco, el camping Txoko Les 2 Jumeaux le ofrece alojamiento para grupos.\",\"breadcrumb\":{\"@id\":\"https:\\\/\\\/www.camping-des-2jumeaux.com\\\/es\\\/grupos-privatizacion\\\/#breadcrumb\"},\"inLanguage\":\"es\",\"potentialAction\":[{\"@type\":\"ReadAction\",\"target\":[\"https:\\\/\\\/www.camping-des-2jumeaux.com\\\/es\\\/grupos-privatizacion\\\/\"]}]},{\"@type\":\"BreadcrumbList\",\"@id\":\"https:\\\/\\\/www.camping-des-2jumeaux.com\\\/es\\\/grupos-privatizacion\\\/#breadcrumb\",\"itemListElement\":[{\"@type\":\"ListItem\",\"position\":1,\"name\":\"Accueil\",\"item\":\"https:\\\/\\\/www.camping-des-2jumeaux.com\\\/es\\\/\"},{\"@type\":\"ListItem\",\"position\":2,\"name\":\"Grupos\"}]},{\"@type\":\"WebSite\",\"@id\":\"https:\\\/\\\/www.camping-des-2jumeaux.com\\\/es\\\/#website\",\"url\":\"https:\\\/\\\/www.camping-des-2jumeaux.com\\\/es\\\/\",\"name\":\"Txoko Des 2 Jumeaux\",\"description\":\"Camping*** - Hendaye I France\",\"potentialAction\":[{\"@type\":\"SearchAction\",\"target\":{\"@type\":\"EntryPoint\",\"urlTemplate\":\"https:\\\/\\\/www.camping-des-2jumeaux.com\\\/es\\\/?s={search_term_string}\"},\"query-input\":{\"@type\":\"PropertyValueSpecification\",\"valueRequired\":true,\"valueName\":\"search_term_string\"}}],\"inLanguage\":\"es\"}]}<\/script>\n<!-- \/ Yoast SEO plugin. -->","yoast_head_json":{"title":"Alojamiento para grupos en el Pa\u00eds Vasco","description":"Para sus seminarios y eventos en el Pa\u00eds Vasco, el camping Txoko Les 2 Jumeaux le ofrece alojamiento para grupos.","robots":{"index":"index","follow":"follow","max-snippet":"max-snippet:-1","max-image-preview":"max-image-preview:large","max-video-preview":"max-video-preview:-1"},"canonical":"https:\/\/www.camping-des-2jumeaux.com\/es\/grupos-privatizacion\/","og_locale":"es_ES","og_type":"article","og_title":"Alojamiento para grupos en el Pa\u00eds Vasco","og_description":"Para sus seminarios y eventos en el Pa\u00eds Vasco, el camping Txoko Les 2 Jumeaux le ofrece alojamiento para grupos.","og_url":"https:\/\/www.camping-des-2jumeaux.com\/es\/grupos-privatizacion\/","og_site_name":"Txoko Des 2 Jumeaux","article_modified_time":"2024-11-01T09:00:18+00:00","twitter_card":"summary_large_image","twitter_misc":{"Tiempo de lectura":"6 minutos"},"schema":{"@context":"https:\/\/schema.org","@graph":[{"@type":"WebPage","@id":"https:\/\/www.camping-des-2jumeaux.com\/es\/grupos-privatizacion\/","url":"https:\/\/www.camping-des-2jumeaux.com\/es\/grupos-privatizacion\/","name":"Alojamiento para grupos en el Pa\u00eds Vasco","isPartOf":{"@id":"https:\/\/www.camping-des-2jumeaux.com\/es\/#website"},"datePublished":"2022-11-16T05:52:39+00:00","dateModified":"2024-11-01T09:00:18+00:00","description":"Para sus seminarios y eventos en el Pa\u00eds Vasco, el camping Txoko Les 2 Jumeaux le ofrece alojamiento para grupos.","breadcrumb":{"@id":"https:\/\/www.camping-des-2jumeaux.com\/es\/grupos-privatizacion\/#breadcrumb"},"inLanguage":"es","potentialAction":[{"@type":"ReadAction","target":["https:\/\/www.camping-des-2jumeaux.com\/es\/grupos-privatizacion\/"]}]},{"@type":"BreadcrumbList","@id":"https:\/\/www.camping-des-2jumeaux.com\/es\/grupos-privatizacion\/#breadcrumb","itemListElement":[{"@type":"ListItem","position":1,"name":"Accueil","item":"https:\/\/www.camping-des-2jumeaux.com\/es\/"},{"@type":"ListItem","position":2,"name":"Grupos"}]},{"@type":"WebSite","@id":"https:\/\/www.camping-des-2jumeaux.com\/es\/#website","url":"https:\/\/www.camping-des-2jumeaux.com\/es\/","name":"Txoko Des 2 Jumeaux","description":"Camping*** - Hendaye I France","potentialAction":[{"@type":"SearchAction","target":{"@type":"EntryPoint","urlTemplate":"https:\/\/www.camping-des-2jumeaux.com\/es\/?s={search_term_string}"},"query-input":{"@type":"PropertyValueSpecification","valueRequired":true,"valueName":"search_term_string"}}],"inLanguage":"es"}]}},"_links":{"self":[{"href":"https:\/\/www.camping-des-2jumeaux.com\/es\/wp-json\/wp\/v2\/pages\/1522","targetHints":{"allow":["GET"]}}],"collection":[{"href":"https:\/\/www.camping-des-2jumeaux.com\/es\/wp-json\/wp\/v2\/pages"}],"about":[{"href":"https:\/\/www.camping-des-2jumeaux.com\/es\/wp-json\/wp\/v2\/types\/page"}],"author":[{"embeddable":true,"href":"https:\/\/www.camping-des-2jumeaux.com\/es\/wp-json\/wp\/v2\/users\/1"}],"replies":[{"embeddable":true,"href":"https:\/\/www.camping-des-2jumeaux.com\/es\/wp-json\/wp\/v2\/comments?post=1522"}],"version-history":[{"count":0,"href":"https:\/\/www.camping-des-2jumeaux.com\/es\/wp-json\/wp\/v2\/pages\/1522\/revisions"}],"wp:attachment":[{"href":"https:\/\/www.camping-des-2jumeaux.com\/es\/wp-json\/wp\/v2\/media?parent=1522"}],"curies":[{"name":"wp","href":"https:\/\/api.w.org\/{rel}","templated":true}]}}