{"id":1443,"date":"2022-10-17T21:30:36","date_gmt":"2022-10-17T19:30:36","guid":{"rendered":"https:\/\/www.camping-des-2jumeaux.com\/politica-de-privacidad\/"},"modified":"2022-12-01T14:03:37","modified_gmt":"2022-12-01T13:03:37","slug":"politica-de-privacidad","status":"publish","type":"page","link":"https:\/\/www.camping-des-2jumeaux.com\/es\/politica-de-privacidad\/","title":{"rendered":"Pol\u00edtica de privacidad"},"content":{"rendered":"<p>[et_pb_section fb_built=\u00bb1&#8243; admin_label=\u00bbsection\u00bb _builder_version=\u00bb4.19.0&#8243; background_color=\u00bb#C67D63&#8243; global_colors_info=\u00bb{}\u00bb][et_pb_row admin_label=\u00bbfila\u00bb _builder_version=\u00bb4.16&#8243; background_size=\u00bbinitial\u00bb background_position=\u00bbtop_left\u00bb background_repeat=\u00bbrepeat\u00bb global_colors_info=\u00bb{}\u00bb custom_padding=\u00bb|||0px||\u00bb][et_pb_column type=\u00bb4_4&#8243; _builder_version=\u00bb4.16&#8243; custom_padding=\u00bb|||\u00bb global_colors_info=\u00bb{}\u00bb custom_padding__hover=\u00bb|||\u00bb][et_pb_text admin_label=\u00bbText\u00bb _builder_version=\u00bb4.19.1&#8243; text_text_color=\u00bb#FFFFFF\u00bb link_text_color=\u00bb#FCD6BE\u00bb header_text_color=\u00bb#FFFFFF\u00bb header_2_text_color=\u00bb#FFFFFF\u00bb background_size=\u00bbinitial\u00bb background_position=\u00bbtop_left\u00bb background_repeat=\u00bbrepeat\u00bb hover_enabled=\u00bb0&#8243; global_colors_info=\u00bb{}\u00bb sticky_enabled=\u00bb0&#8243;]<\/p>\n<p><!-- divi:heading --><\/p>\n<h2>\u00bfQui\u00e9nes somos?<\/h2>\n<p> <!-- \/divi:heading -->Este sitio es editado y publicado por la SARL CAMPING DES DEUX JUMEAUX cuya sede social se encuentra en :<br \/>Ruta de la Corniche<br \/>64700 HENDAYE<br \/>Tel\/Fax: 05 59 20 01 65<\/p>\n<p>RCS BAYONA: 830135752<\/p>\n<p>FR71 830 135 752 00012<\/p>\n<p>APE 5530Z<\/p>\n<p>Clasificaci\u00f3n AtoutFrance del 15 de julio de 2021: 3 estrellas turismo<\/p>\n<p><span class=\"mceTresImportant\">RESPONSABLE DE LA PUBLICACI\u00d3N :<\/span><br \/><span>Naeva  <\/span><\/p>\n<p><span class=\"\">COORDINADOR DE LA PUBLICACI\u00d3N : <\/span><a href=\"https:\/\/stc-strategie.com\/\" target=\"_blank\" rel=\"noopener\" class=\"\" contenteditable=\"false\" title=\"https:\/\/stc-strategie.com\/\"><br \/>\n  <span class=\"\">STC<\/span><br \/>\n<\/a><br \/><span class=\"mceTresImportant\"><br \/>DISE\u00d1O Y DESARROLLO GR\u00c1FICO :<\/span><br \/><span>Estudio ED<\/span><br \/><a href=\"https:\/\/www.elegantdesign.fr\/\" target=\"_blank\" rel=\"noopener\">www.elegantdesign.fr<\/a><\/p>\n<p><span class=\"mceTresImportant\">EDITOR :<\/span><br \/><span>En pocas palabras<br \/><a href=\"https:\/\/www.en-un-mot.fr\" target=\"_blank\" rel=\"noopener\">www.en-un-mot.fr<\/a><\/span><span><\/span><\/p>\n<p><span class=\"mceTresImportant\">ALOJAMIENTO WEB DE LA PRODUCCI\u00d3N :<\/span><br \/>2GCI<br \/><a href=\"https:\/\/www.2gci.fr\" target=\"_blank\" rel=\"noopener\">www.2gci.fr<\/a><br \/><span class=\"mceTresImportant\"><br \/>CR\u00c9DITOS DE FOTOS Y VIDEOS :<\/span><br \/><span>Estudio Elegant Design \/ Adobe Stock.<\/span><\/p>\n<p><span class=\"mceTresImportant\">RESPETO A LA PRIVACIDAD Y A LOS DATOS PERSONALES :<\/span><br \/><span>De conformidad con la ley francesa sobre inform\u00e1tica y libertades n\u00b0 78-17 del 6 de enero de 1978, modificada por la ley n\u00b0 2004-801 del 6 de agosto de 2004, usted tiene derecho a acceder y rectificar los datos que le conciernen. Puede ejercer este derecho dirigi\u00e9ndose a los servicios del Camping des 2 Jumeaux Route de la Corniche &#8211; 64700 HENDAYE &#8211; Tel\/Fax : 05 59 20 01 65<\/span><\/p>\n<h2>  Comentarios<\/h2>\n<p><!-- divi:heading --><\/p>\n<p><strong class=\"privacy-policy-tutorial\"><\/strong>Cuando usted deja un comentario en nuestro sitio, los datos introducidos en el formulario de comentarios, as\u00ed como su direcci\u00f3n IP y el agente de usuario del navegador, se recogen para ayudarnos a detectar comentarios no deseados.<\/p>\n<p>Una cadena an\u00f3nima creada a partir de tu direcci\u00f3n de correo electr\u00f3nico (tambi\u00e9n conocida como hash) puede ser enviada al servicio Gravatar para comprobar si lo est\u00e1s utilizando. La pol\u00edtica de privacidad del servicio Gravatar est\u00e1 disponible aqu\u00ed: https:\/\/automattic.com\/privacy\/. Tras la validaci\u00f3n de su comentario, su foto de perfil ser\u00e1 visible p\u00fablicamente junto a su comentario.<\/p>\n<h2>Medios de comunicaci\u00f3n<\/h2>\n<p><!-- divi:paragraph -->Si sube im\u00e1genes al sitio, le aconsejamos que evite subir im\u00e1genes que contengan datos EXIF de coordenadas GPS. Las personas que visitan su sitio pueden descargar y extraer datos de localizaci\u00f3n de estas im\u00e1genes.<\/p>\n<h2>Galletas<\/h2>\n<p><!-- \/divi:heading -->Si deja un comentario en nuestro sitio, se le pedir\u00e1 que guarde su nombre, direcci\u00f3n de correo electr\u00f3nico y sitio en las cookies. Esto es s\u00f3lo para tu comodidad, para que no tengas que introducir esta informaci\u00f3n si dejas otro comentario m\u00e1s tarde. Estas cookies caducan al cabo de un a\u00f1o.<\/p>\n<p><!-- divi:paragraph -->Si va a la p\u00e1gina de inicio de sesi\u00f3n, se instalar\u00e1 una cookie temporal para determinar si su navegador acepta cookies. No contiene ning\u00fan dato personal y se eliminar\u00e1 autom\u00e1ticamente al cerrar el navegador.<\/p>\n<p>Al iniciar la sesi\u00f3n, estableceremos una serie de cookies para almacenar su informaci\u00f3n de inicio de sesi\u00f3n y sus preferencias de pantalla. La vida de una cookie de conexi\u00f3n es de dos d\u00edas, la de una cookie de opci\u00f3n de pantalla es de un a\u00f1o. Si marca \u00abRecordarme\u00bb, su cookie de inicio de sesi\u00f3n se almacenar\u00e1 durante quince d\u00edas. Si cierra la sesi\u00f3n de su cuenta, la cookie de inicio de sesi\u00f3n se eliminar\u00e1.<\/p>\n<p><!-- divi:paragraph -->Al editar o publicar una publicaci\u00f3n, se almacenar\u00e1 una cookie adicional en su navegador. Esta cookie no contiene ning\u00fan dato personal. Simplemente indica el ID de la publicaci\u00f3n que acaba de modificar. Caduca al cabo de un d\u00eda.<\/p>\n<h2>Contenido incrustado de otros sitios<\/h2>\n<p><!-- \/divi:heading -->Los art\u00edculos de este sitio pueden incluir contenido incrustado (por ejemplo, v\u00eddeos, im\u00e1genes, art\u00edculos&#8230;). El contenido incrustado de otros sitios se comporta de la misma manera que si el visitante estuviera en ese otro sitio.<\/p>\n<p><!-- divi:paragraph -->Estos sitios web pueden recopilar datos sobre usted, utilizar cookies, incrustar herramientas de seguimiento de terceros, rastrear sus interacciones con estos contenidos incrustados si tiene una cuenta registrada en su sitio web.<\/p>\n<h2>Uso y transmisi\u00f3n de sus datos personales<\/h2>\n<p><!-- \/divi:heading -->Si solicita un restablecimiento de la contrase\u00f1a, su direcci\u00f3n IP se incluir\u00e1 en el correo electr\u00f3nico de restablecimiento.<\/p>\n<h2>Cu\u00e1nto tiempo se almacenan sus datos<\/h2>\n<p><!-- \/divi:heading -->Si deja un comentario, el comentario y sus metadatos se conservan indefinidamente. Esto permite que los comentarios posteriores sean reconocidos y aprobados autom\u00e1ticamente en lugar de quedar en la cola de moderaci\u00f3n.<\/p>\n<p><!-- divi:paragraph -->Para las cuentas que se registran en nuestro sitio (si las hay), tambi\u00e9n almacenamos los datos personales indicados en su perfil. Todas las cuentas pueden ver, cambiar o borrar su informaci\u00f3n personal en cualquier momento (excepto su login). Los administradores del sitio tambi\u00e9n pueden ver y modificar esta informaci\u00f3n.<\/p>\n<h2>Los derechos que tiene sobre sus datos<\/h2>\n<p><!-- \/divi:heading -->Si tiene una cuenta o ha dejado comentarios en el sitio, puede solicitar que le enviemos un archivo con todos los datos personales que tenemos sobre usted, incluidos los que nos ha proporcionado. Tambi\u00e9n puede solicitar la supresi\u00f3n de sus datos personales. Esto no tiene en cuenta los datos almacenados con fines administrativos, legales o de seguridad.<\/p>\n<h2>D\u00f3nde se env\u00edan sus datos<\/h2>\n<p><!-- divi:paragraph -->Los comentarios de los visitantes pueden ser revisados mediante un servicio de detecci\u00f3n autom\u00e1tica de spam.<\/p>\n<p><!-- \/divi:paragraph --><\/p>\n<p>[\/et_pb_text][\/et_pb_column][\/et_pb_row][\/et_pb_section]<\/p>\n","protected":false},"excerpt":{"rendered":"<p>\u00bfQui\u00e9nes somos? Este sitio es editado y publicado por la SARL CAMPING DES DEUX JUMEAUX cuya sede social se encuentra en :Ruta de la Corniche64700 HENDAYETel\/Fax: 05 59 20 01 65 RCS BAYONA: 830135752 FR71 830 135 752 00012 APE 5530Z Clasificaci\u00f3n AtoutFrance del 15 de julio de 2021: 3 estrellas turismo RESPONSABLE DE LA [&hellip;]<\/p>\n","protected":false},"author":1,"featured_media":0,"parent":0,"menu_order":0,"comment_status":"closed","ping_status":"open","template":"","meta":{"_et_pb_use_builder":"on","_et_pb_old_content":"","_et_gb_content_width":"","footnotes":""},"class_list":["post-1443","page","type-page","status-publish","hentry"],"yoast_head":"<!-- This site is optimized with the Yoast SEO plugin v27.6 - https:\/\/yoast.com\/product\/yoast-seo-wordpress\/ -->\n<title>Pol\u00edtica de privacidad - Txoko Des 2 Jumeaux<\/title>\n<meta name=\"description\" content=\"Informaci\u00f3n sobre la pol\u00edtica de privacidad del camping Txoko Les 2 Jumeaux***, en Hendaya, Pa\u00eds Vasco.\" \/>\n<meta name=\"robots\" content=\"index, follow, max-snippet:-1, max-image-preview:large, max-video-preview:-1\" \/>\n<link rel=\"canonical\" href=\"https:\/\/www.camping-des-2jumeaux.com\/es\/politica-de-privacidad\/\" \/>\n<meta property=\"og:locale\" content=\"es_ES\" \/>\n<meta property=\"og:type\" content=\"article\" \/>\n<meta property=\"og:title\" content=\"Pol\u00edtica de privacidad - Txoko Des 2 Jumeaux\" \/>\n<meta property=\"og:description\" content=\"Informaci\u00f3n sobre la pol\u00edtica de privacidad del camping Txoko Les 2 Jumeaux***, en Hendaya, Pa\u00eds Vasco.\" \/>\n<meta property=\"og:url\" content=\"https:\/\/www.camping-des-2jumeaux.com\/es\/politica-de-privacidad\/\" \/>\n<meta property=\"og:site_name\" content=\"Txoko Des 2 Jumeaux\" \/>\n<meta property=\"article:modified_time\" content=\"2022-12-01T13:03:37+00:00\" \/>\n<meta name=\"twitter:card\" content=\"summary_large_image\" \/>\n<meta name=\"twitter:label1\" content=\"Tiempo de lectura\" \/>\n\t<meta name=\"twitter:data1\" content=\"5 minutos\" \/>\n<script type=\"application\/ld+json\" class=\"yoast-schema-graph\">{\"@context\":\"https:\\\/\\\/schema.org\",\"@graph\":[{\"@type\":\"WebPage\",\"@id\":\"https:\\\/\\\/www.camping-des-2jumeaux.com\\\/es\\\/politica-de-privacidad\\\/\",\"url\":\"https:\\\/\\\/www.camping-des-2jumeaux.com\\\/es\\\/politica-de-privacidad\\\/\",\"name\":\"Pol\u00edtica de privacidad - Txoko Des 2 Jumeaux\",\"isPartOf\":{\"@id\":\"https:\\\/\\\/www.camping-des-2jumeaux.com\\\/es\\\/#website\"},\"datePublished\":\"2022-10-17T19:30:36+00:00\",\"dateModified\":\"2022-12-01T13:03:37+00:00\",\"description\":\"Informaci\u00f3n sobre la pol\u00edtica de privacidad del camping Txoko Les 2 Jumeaux***, en Hendaya, Pa\u00eds Vasco.\",\"breadcrumb\":{\"@id\":\"https:\\\/\\\/www.camping-des-2jumeaux.com\\\/es\\\/politica-de-privacidad\\\/#breadcrumb\"},\"inLanguage\":\"es\",\"potentialAction\":[{\"@type\":\"ReadAction\",\"target\":[\"https:\\\/\\\/www.camping-des-2jumeaux.com\\\/es\\\/politica-de-privacidad\\\/\"]}]},{\"@type\":\"BreadcrumbList\",\"@id\":\"https:\\\/\\\/www.camping-des-2jumeaux.com\\\/es\\\/politica-de-privacidad\\\/#breadcrumb\",\"itemListElement\":[{\"@type\":\"ListItem\",\"position\":1,\"name\":\"Accueil\",\"item\":\"https:\\\/\\\/www.camping-des-2jumeaux.com\\\/es\\\/\"},{\"@type\":\"ListItem\",\"position\":2,\"name\":\"Pol\u00edtica de privacidad\"}]},{\"@type\":\"WebSite\",\"@id\":\"https:\\\/\\\/www.camping-des-2jumeaux.com\\\/es\\\/#website\",\"url\":\"https:\\\/\\\/www.camping-des-2jumeaux.com\\\/es\\\/\",\"name\":\"Txoko Des 2 Jumeaux\",\"description\":\"Camping*** - Hendaye I France\",\"potentialAction\":[{\"@type\":\"SearchAction\",\"target\":{\"@type\":\"EntryPoint\",\"urlTemplate\":\"https:\\\/\\\/www.camping-des-2jumeaux.com\\\/es\\\/?s={search_term_string}\"},\"query-input\":{\"@type\":\"PropertyValueSpecification\",\"valueRequired\":true,\"valueName\":\"search_term_string\"}}],\"inLanguage\":\"es\"}]}<\/script>\n<!-- \/ Yoast SEO plugin. -->","yoast_head_json":{"title":"Pol\u00edtica de privacidad - Txoko Des 2 Jumeaux","description":"Informaci\u00f3n sobre la pol\u00edtica de privacidad del camping Txoko Les 2 Jumeaux***, en Hendaya, Pa\u00eds Vasco.","robots":{"index":"index","follow":"follow","max-snippet":"max-snippet:-1","max-image-preview":"max-image-preview:large","max-video-preview":"max-video-preview:-1"},"canonical":"https:\/\/www.camping-des-2jumeaux.com\/es\/politica-de-privacidad\/","og_locale":"es_ES","og_type":"article","og_title":"Pol\u00edtica de privacidad - Txoko Des 2 Jumeaux","og_description":"Informaci\u00f3n sobre la pol\u00edtica de privacidad del camping Txoko Les 2 Jumeaux***, en Hendaya, Pa\u00eds Vasco.","og_url":"https:\/\/www.camping-des-2jumeaux.com\/es\/politica-de-privacidad\/","og_site_name":"Txoko Des 2 Jumeaux","article_modified_time":"2022-12-01T13:03:37+00:00","twitter_card":"summary_large_image","twitter_misc":{"Tiempo de lectura":"5 minutos"},"schema":{"@context":"https:\/\/schema.org","@graph":[{"@type":"WebPage","@id":"https:\/\/www.camping-des-2jumeaux.com\/es\/politica-de-privacidad\/","url":"https:\/\/www.camping-des-2jumeaux.com\/es\/politica-de-privacidad\/","name":"Pol\u00edtica de privacidad - Txoko Des 2 Jumeaux","isPartOf":{"@id":"https:\/\/www.camping-des-2jumeaux.com\/es\/#website"},"datePublished":"2022-10-17T19:30:36+00:00","dateModified":"2022-12-01T13:03:37+00:00","description":"Informaci\u00f3n sobre la pol\u00edtica de privacidad del camping Txoko Les 2 Jumeaux***, en Hendaya, Pa\u00eds Vasco.","breadcrumb":{"@id":"https:\/\/www.camping-des-2jumeaux.com\/es\/politica-de-privacidad\/#breadcrumb"},"inLanguage":"es","potentialAction":[{"@type":"ReadAction","target":["https:\/\/www.camping-des-2jumeaux.com\/es\/politica-de-privacidad\/"]}]},{"@type":"BreadcrumbList","@id":"https:\/\/www.camping-des-2jumeaux.com\/es\/politica-de-privacidad\/#breadcrumb","itemListElement":[{"@type":"ListItem","position":1,"name":"Accueil","item":"https:\/\/www.camping-des-2jumeaux.com\/es\/"},{"@type":"ListItem","position":2,"name":"Pol\u00edtica de privacidad"}]},{"@type":"WebSite","@id":"https:\/\/www.camping-des-2jumeaux.com\/es\/#website","url":"https:\/\/www.camping-des-2jumeaux.com\/es\/","name":"Txoko Des 2 Jumeaux","description":"Camping*** - Hendaye I France","potentialAction":[{"@type":"SearchAction","target":{"@type":"EntryPoint","urlTemplate":"https:\/\/www.camping-des-2jumeaux.com\/es\/?s={search_term_string}"},"query-input":{"@type":"PropertyValueSpecification","valueRequired":true,"valueName":"search_term_string"}}],"inLanguage":"es"}]}},"_links":{"self":[{"href":"https:\/\/www.camping-des-2jumeaux.com\/es\/wp-json\/wp\/v2\/pages\/1443","targetHints":{"allow":["GET"]}}],"collection":[{"href":"https:\/\/www.camping-des-2jumeaux.com\/es\/wp-json\/wp\/v2\/pages"}],"about":[{"href":"https:\/\/www.camping-des-2jumeaux.com\/es\/wp-json\/wp\/v2\/types\/page"}],"author":[{"embeddable":true,"href":"https:\/\/www.camping-des-2jumeaux.com\/es\/wp-json\/wp\/v2\/users\/1"}],"replies":[{"embeddable":true,"href":"https:\/\/www.camping-des-2jumeaux.com\/es\/wp-json\/wp\/v2\/comments?post=1443"}],"version-history":[{"count":0,"href":"https:\/\/www.camping-des-2jumeaux.com\/es\/wp-json\/wp\/v2\/pages\/1443\/revisions"}],"wp:attachment":[{"href":"https:\/\/www.camping-des-2jumeaux.com\/es\/wp-json\/wp\/v2\/media?parent=1443"}],"curies":[{"name":"wp","href":"https:\/\/api.w.org\/{rel}","templated":true}]}}